{"id":3935,"date":"2024-10-02T13:56:41","date_gmt":"2024-10-02T11:56:41","guid":{"rendered":"https:\/\/www.katzenhoffnung.at\/kaho\/?post_type=product&#038;p=3935"},"modified":"2024-12-18T12:23:21","modified_gmt":"2024-12-18T11:23:21","slug":"katzen-backbuch-nicht-fuer-die-katze","status":"publish","type":"product","link":"https:\/\/www.katzenhoffnung.at\/kaho\/produkt\/katzen-backbuch-nicht-fuer-die-katze\/","title":{"rendered":"Katzen-Backbuch (nicht f\u00fcr die Katze)"},"content":{"rendered":"<div class=\"xdj266r x11i5rnm xat24cr x1mh8g0r x1vvkbs x126k92a\">\n<div dir=\"auto\">Wundervolles Backbuch von <span class=\"html-span xdj266r x11i5rnm xat24cr x1mh8g0r xexx8yu x4uap5 x18d9i69 xkhd6sd x1hl2dhg x16tdsg8 x1vvkbs\"><a class=\"x1i10hfl xjbqb8w x1ejq31n xd10rxx x1sy0etr x17r0tee x972fbf xcfux6l x1qhh985 xm0m39n x9f619 x1ypdohk xt0psk2 xe8uvvx xdj266r x11i5rnm xat24cr x1mh8g0r xexx8yu x4uap5 x18d9i69 xkhd6sd x16tdsg8 x1hl2dhg xggy1nq x1a2a7pz x1sur9pj xkrqix3 x1fey0fg x1s688f\" tabindex=\"0\" role=\"link\" href=\"https:\/\/www.facebook.com\/silviastoehs?__cft__[0]=AZWptB9QYKnqrkPpRUxvwULJebmuiDyUnfTgneqpWNLGIZJV169puWlvjeHHpPp7NL_fjawvilzLdK271EgI0Gvvj8L9rsSYgcOGY_MpsfzFbTa-kTHRA5nt2I5LtvnzEaAZwemvJKSXi5FZS0ZrRizqY8ORDH9vTqTq6p61YT9b4MSJaOOwH7PPNWihJ5w6crc&amp;__tn__=-]K-R\"><span class=\"xt0psk2\">Silvia St\u00f6hs<\/span><\/a><\/span> kaufen und dabei unsere HandiCATS unterst\u00fctzen. <span class=\"html-span xexx8yu x4uap5 x18d9i69 xkhd6sd x1hl2dhg x16tdsg8 x1vvkbs x3nfvp2 x1j61x8r x1fcty0u xdj266r xat24cr xgzva0m xhhsvwb xxymvpz xlup9mm x1kky2od\"><img loading=\"lazy\" decoding=\"async\" class=\"xz74otr\" src=\"https:\/\/static.xx.fbcdn.net\/images\/emoji.php\/v9\/ted\/2\/16\/2764.png\" alt=\"\u2764\ufe0f\" width=\"16\" height=\"16\"><\/span><span class=\"html-span xexx8yu x4uap5 x18d9i69 xkhd6sd x1hl2dhg x16tdsg8 x1vvkbs x3nfvp2 x1j61x8r x1fcty0u xdj266r xat24cr xgzva0m xhhsvwb xxymvpz xlup9mm x1kky2od\"><img loading=\"lazy\" decoding=\"async\" class=\"xz74otr\" src=\"https:\/\/static.xx.fbcdn.net\/images\/emoji.php\/v9\/t7c\/2\/16\/1f63b.png\" alt=\"\ud83d\ude3b\" width=\"16\" height=\"16\"><\/span> &nbsp;<\/div>\n<\/div>\n<div class=\"x11i5rnm xat24cr x1mh8g0r x1vvkbs xtlvy1s x126k92a\">\n<div dir=\"auto\">Ihr findet im Backbuch nicht nur viele tolle Rezepte zum Nachbacken f\u00fcr uns Zweibeiner, sondern auch viele Fotos von unseren HandiCATS. <span class=\"html-span xexx8yu x4uap5 x18d9i69 xkhd6sd x1hl2dhg x16tdsg8 x1vvkbs x3nfvp2 x1j61x8r x1fcty0u xdj266r xat24cr xgzva0m xhhsvwb xxymvpz xlup9mm x1kky2od\"><img loading=\"lazy\" decoding=\"async\" class=\"xz74otr\" src=\"https:\/\/static.xx.fbcdn.net\/images\/emoji.php\/v9\/t7c\/2\/16\/1f63b.png\" alt=\"\ud83d\ude3b\" width=\"16\" height=\"16\"><\/span>&nbsp; Das Buchcover wird von unserer Chefin Frieda geziert. <span class=\"html-span xexx8yu x4uap5 x18d9i69 xkhd6sd x1hl2dhg x16tdsg8 x1vvkbs x3nfvp2 x1j61x8r x1fcty0u xdj266r xat24cr xgzva0m xhhsvwb xxymvpz xlup9mm x1kky2od\"><img loading=\"lazy\" decoding=\"async\" class=\"xz74otr\" src=\"https:\/\/static.xx.fbcdn.net\/images\/emoji.php\/v9\/t7c\/2\/16\/1f63b.png\" alt=\"\ud83d\ude3b\" width=\"16\" height=\"16\"><\/span><span class=\"html-span xexx8yu x4uap5 x18d9i69 xkhd6sd x1hl2dhg x16tdsg8 x1vvkbs x3nfvp2 x1j61x8r x1fcty0u xdj266r xat24cr xgzva0m xhhsvwb xxymvpz xlup9mm x1kky2od\"><img loading=\"lazy\" decoding=\"async\" class=\"xz74otr\" src=\"https:\/\/static.xx.fbcdn.net\/images\/emoji.php\/v9\/t7d\/2\/16\/1f43e.png\" alt=\"\ud83d\udc3e\" width=\"16\" height=\"16\"><\/span><\/div>\n<div dir=\"auto\">&nbsp;<\/div>\n<\/div>\n<p>gegen eine Spende von EUR 28,00 erh\u00e4ltlich.<\/p>\n","protected":false},"excerpt":{"rendered":"<div class=\"xdj266r x11i5rnm xat24cr x1mh8g0r x1vvkbs x126k92a\">\n<div dir=\"auto\">Wundervolles Backbuch von <span class=\"html-span xdj266r x11i5rnm xat24cr x1mh8g0r xexx8yu x4uap5 x18d9i69 xkhd6sd x1hl2dhg x16tdsg8 x1vvkbs\"><a class=\"x1i10hfl xjbqb8w x1ejq31n xd10rxx x1sy0etr x17r0tee x972fbf xcfux6l x1qhh985 xm0m39n x9f619 x1ypdohk xt0psk2 xe8uvvx xdj266r x11i5rnm xat24cr x1mh8g0r xexx8yu x4uap5 x18d9i69 xkhd6sd x16tdsg8 x1hl2dhg xggy1nq x1a2a7pz x1sur9pj xkrqix3 x1fey0fg x1s688f\" tabindex=\"0\" role=\"link\" href=\"https:\/\/www.facebook.com\/silviastoehs?__cft__[0]=AZWptB9QYKnqrkPpRUxvwULJebmuiDyUnfTgneqpWNLGIZJV169puWlvjeHHpPp7NL_fjawvilzLdK271EgI0Gvvj8L9rsSYgcOGY_MpsfzFbTa-kTHRA5nt2I5LtvnzEaAZwemvJKSXi5FZS0ZrRizqY8ORDH9vTqTq6p61YT9b4MSJaOOwH7PPNWihJ5w6crc&amp;__tn__=-]K-R\"><span class=\"xt0psk2\">Silvia St\u00f6hs<\/span><\/a><\/span> kaufen und dabei unsere HandiCATS unterst\u00fctzen. <span class=\"html-span xexx8yu x4uap5 x18d9i69 xkhd6sd x1hl2dhg x16tdsg8 x1vvkbs x3nfvp2 x1j61x8r x1fcty0u xdj266r xat24cr xgzva0m xhhsvwb xxymvpz xlup9mm x1kky2od\"><img loading=\"lazy\" decoding=\"async\" class=\"xz74otr\" src=\"https:\/\/static.xx.fbcdn.net\/images\/emoji.php\/v9\/ted\/2\/16\/2764.png\" alt=\"\u2764\ufe0f\" width=\"16\" height=\"16\"><\/span><span class=\"html-span xexx8yu x4uap5 x18d9i69 xkhd6sd x1hl2dhg x16tdsg8 x1vvkbs x3nfvp2 x1j61x8r x1fcty0u xdj266r xat24cr xgzva0m xhhsvwb xxymvpz xlup9mm x1kky2od\"><img loading=\"lazy\" decoding=\"async\" class=\"xz74otr\" src=\"https:\/\/static.xx.fbcdn.net\/images\/emoji.php\/v9\/t7c\/2\/16\/1f63b.png\" alt=\"\ud83d\ude3b\" width=\"16\" height=\"16\"><\/span><\/div>\n<\/div>\n<div class=\"x11i5rnm xat24cr x1mh8g0r x1vvkbs xtlvy1s x126k92a\">\n<div dir=\"auto\">Ihr findet im Backbuch nicht nur viele tolle Rezepte zum Nachbacken f\u00fcr uns Zweibeiner, sondern auch viele Fotos von unseren HandiCATS. <span class=\"html-span xexx8yu x4uap5 x18d9i69 xkhd6sd x1hl2dhg x16tdsg8 x1vvkbs x3nfvp2 x1j61x8r x1fcty0u xdj266r xat24cr xgzva0m xhhsvwb xxymvpz xlup9mm x1kky2od\"><img loading=\"lazy\" decoding=\"async\" class=\"xz74otr\" src=\"https:\/\/static.xx.fbcdn.net\/images\/emoji.php\/v9\/t7c\/2\/16\/1f63b.png\" alt=\"\ud83d\ude3b\" width=\"16\" height=\"16\"><\/span> Das Buchcover wird von unserer Chefin Frieda geziert. <span class=\"html-span xexx8yu x4uap5 x18d9i69 xkhd6sd x1hl2dhg x16tdsg8 x1vvkbs x3nfvp2 x1j61x8r x1fcty0u xdj266r xat24cr xgzva0m xhhsvwb xxymvpz xlup9mm x1kky2od\"><img loading=\"lazy\" decoding=\"async\" class=\"xz74otr\" src=\"https:\/\/static.xx.fbcdn.net\/images\/emoji.php\/v9\/t7c\/2\/16\/1f63b.png\" alt=\"\ud83d\ude3b\" width=\"16\" height=\"16\"><\/span><span class=\"html-span xexx8yu x4uap5 x18d9i69 xkhd6sd x1hl2dhg x16tdsg8 x1vvkbs x3nfvp2 x1j61x8r x1fcty0u xdj266r xat24cr xgzva0m xhhsvwb xxymvpz xlup9mm x1kky2od\"><img loading=\"lazy\" decoding=\"async\" class=\"xz74otr\" src=\"https:\/\/static.xx.fbcdn.net\/images\/emoji.php\/v9\/t7d\/2\/16\/1f43e.png\" alt=\"\ud83d\udc3e\" width=\"16\" height=\"16\"><\/span><\/div>\n<div dir=\"auto\">&nbsp;<\/div>\n<\/div>\n<p>gegen eine Spende von EUR 28,00 erh\u00e4ltlich.<\/p>\n","protected":false},"featured_media":3934,"template":"","meta":{"site-sidebar-layout":"default","site-content-layout":"default","ast-site-content-layout":"default","site-content-style":"default","site-sidebar-style":"default","ast-global-header-display":"","ast-banner-title-visibility":"","ast-main-header-display":"","ast-hfb-above-header-display":"","ast-hfb-below-header-display":"","ast-hfb-mobile-header-display":"","site-post-title":"","ast-breadcrumbs-content":"","ast-featured-img":"","footer-sml-layout":"","ast-disable-related-posts":"","theme-transparent-header-meta":"default","adv-header-id-meta":"","stick-header-meta":"default","header-above-stick-meta":"","header-main-stick-meta":"","header-below-stick-meta":"","astra-migrate-meta-layouts":"set","ast-page-background-enabled":"default","ast-page-background-meta":{"desktop":{"background-color":"","background-image":"","background-repeat":"repeat","background-position":"center center","background-size":"auto","background-attachment":"scroll","background-type":"","background-media":"","overlay-type":"","overlay-color":"","overlay-opacity":"","overlay-gradient":""},"tablet":{"background-color":"","background-image":"","background-repeat":"repeat","background-position":"center center","background-size":"auto","background-attachment":"scroll","background-type":"","background-media":"","overlay-type":"","overlay-color":"","overlay-opacity":"","overlay-gradient":""},"mobile":{"background-color":"","background-image":"","background-repeat":"repeat","background-position":"center center","background-size":"auto","background-attachment":"scroll","background-type":"","background-media":"","overlay-type":"","overlay-color":"","overlay-opacity":"","overlay-gradient":""}},"ast-content-background-meta":{"desktop":{"background-color":"var(--ast-global-color-5)","background-image":"","background-repeat":"repeat","background-position":"center center","background-size":"auto","background-attachment":"scroll","background-type":"","background-media":"","overlay-type":"","overlay-color":"","overlay-opacity":"","overlay-gradient":""},"tablet":{"background-color":"var(--ast-global-color-5)","background-image":"","background-repeat":"repeat","background-position":"center center","background-size":"auto","background-attachment":"scroll","background-type":"","background-media":"","overlay-type":"","overlay-color":"","overlay-opacity":"","overlay-gradient":""},"mobile":{"background-color":"var(--ast-global-color-5)","background-image":"","background-repeat":"repeat","background-position":"center center","background-size":"auto","background-attachment":"scroll","background-type":"","background-media":"","overlay-type":"","overlay-color":"","overlay-opacity":"","overlay-gradient":""}},"ngg_post_thumbnail":0},"product_brand":[],"product_cat":[58],"product_tag":[],"class_list":{"0":"post-3935","1":"product","2":"type-product","3":"status-publish","4":"has-post-thumbnail","6":"product_cat-weihnachtsartikel","7":"product_shipping_class-tischwandkalender","8":"desktop-align-left","9":"tablet-align-left","10":"mobile-align-left","11":"ast-product-gallery-layout-horizontal-slider","12":"ast-product-tabs-layout-horizontal","14":"first","15":"instock","16":"shipping-taxable","17":"purchasable","18":"product-type-simple"},"yoast_head":"<!-- This site is optimized with the Yoast SEO plugin v27.5 - https:\/\/yoast.com\/product\/yoast-seo-wordpress\/ -->\n<title>Katzen-Backbuch (nicht f\u00fcr die Katze) - Paradies f\u00fcr HandiCATs Katzenhoffnung<\/title>\n<meta name=\"description\" content=\"Katzen, Backbuch, Rezepte f\u00fcr Menschen, Backrezepte, viele tolle Rezepte, Chefin Frieda, Handicats, zu Gunsten der Handicats\" \/>\n<meta name=\"robots\" content=\"index, follow, max-snippet:-1, max-image-preview:large, max-video-preview:-1\" \/>\n<link rel=\"canonical\" href=\"https:\/\/www.katzenhoffnung.at\/kaho\/produkt\/katzen-backbuch-nicht-fuer-die-katze\/\" \/>\n<meta property=\"og:locale\" content=\"de_DE\" \/>\n<meta property=\"og:type\" content=\"article\" \/>\n<meta property=\"og:title\" content=\"Katzen-Backbuch (nicht f\u00fcr die Katze) - Paradies f\u00fcr HandiCATs Katzenhoffnung\" \/>\n<meta property=\"og:description\" content=\"Katzen, Backbuch, Rezepte f\u00fcr Menschen, Backrezepte, viele tolle Rezepte, Chefin Frieda, Handicats, zu Gunsten der Handicats\" \/>\n<meta property=\"og:url\" content=\"https:\/\/www.katzenhoffnung.at\/kaho\/produkt\/katzen-backbuch-nicht-fuer-die-katze\/\" \/>\n<meta property=\"og:site_name\" content=\"Paradies f\u00fcr HandiCATs Katzenhoffnung\" \/>\n<meta property=\"article:publisher\" content=\"https:\/\/www.facebook.com\/katzenhoffnung\" \/>\n<meta property=\"article:modified_time\" content=\"2024-12-18T11:23:21+00:00\" \/>\n<meta property=\"og:image\" content=\"https:\/\/www.katzenhoffnung.at\/kaho\/wp-content\/uploads\/453250706_8215686281842601_4638479805917268941_n.jpg\" \/>\n\t<meta property=\"og:image:width\" content=\"1080\" \/>\n\t<meta property=\"og:image:height\" content=\"1080\" \/>\n\t<meta property=\"og:image:type\" content=\"image\/jpeg\" \/>\n<meta name=\"twitter:card\" content=\"summary_large_image\" \/>\n<meta name=\"twitter:label1\" content=\"Gesch\u00e4tzte Lesezeit\" \/>\n\t<meta name=\"twitter:data1\" content=\"2\u00a0Minuten\" \/>\n<script type=\"application\/ld+json\" class=\"yoast-schema-graph\">{\"@context\":\"https:\\\/\\\/schema.org\",\"@graph\":[{\"@type\":\"WebPage\",\"@id\":\"https:\\\/\\\/www.katzenhoffnung.at\\\/kaho\\\/produkt\\\/katzen-backbuch-nicht-fuer-die-katze\\\/\",\"url\":\"https:\\\/\\\/www.katzenhoffnung.at\\\/kaho\\\/produkt\\\/katzen-backbuch-nicht-fuer-die-katze\\\/\",\"name\":\"Katzen-Backbuch (nicht f\u00fcr die Katze) - Paradies f\u00fcr HandiCATs Katzenhoffnung\",\"isPartOf\":{\"@id\":\"https:\\\/\\\/www.katzenhoffnung.at\\\/kaho\\\/#website\"},\"primaryImageOfPage\":{\"@id\":\"https:\\\/\\\/www.katzenhoffnung.at\\\/kaho\\\/produkt\\\/katzen-backbuch-nicht-fuer-die-katze\\\/#primaryimage\"},\"image\":{\"@id\":\"https:\\\/\\\/www.katzenhoffnung.at\\\/kaho\\\/produkt\\\/katzen-backbuch-nicht-fuer-die-katze\\\/#primaryimage\"},\"thumbnailUrl\":\"https:\\\/\\\/www.katzenhoffnung.at\\\/kaho\\\/wp-content\\\/uploads\\\/453250706_8215686281842601_4638479805917268941_n.jpg\",\"datePublished\":\"2024-10-02T11:56:41+00:00\",\"dateModified\":\"2024-12-18T11:23:21+00:00\",\"description\":\"Katzen, Backbuch, Rezepte f\u00fcr Menschen, Backrezepte, viele tolle Rezepte, Chefin Frieda, Handicats, zu Gunsten der Handicats\",\"breadcrumb\":{\"@id\":\"https:\\\/\\\/www.katzenhoffnung.at\\\/kaho\\\/produkt\\\/katzen-backbuch-nicht-fuer-die-katze\\\/#breadcrumb\"},\"inLanguage\":\"de\",\"potentialAction\":[{\"@type\":\"ReadAction\",\"target\":[\"https:\\\/\\\/www.katzenhoffnung.at\\\/kaho\\\/produkt\\\/katzen-backbuch-nicht-fuer-die-katze\\\/\"]}]},{\"@type\":\"ImageObject\",\"inLanguage\":\"de\",\"@id\":\"https:\\\/\\\/www.katzenhoffnung.at\\\/kaho\\\/produkt\\\/katzen-backbuch-nicht-fuer-die-katze\\\/#primaryimage\",\"url\":\"https:\\\/\\\/www.katzenhoffnung.at\\\/kaho\\\/wp-content\\\/uploads\\\/453250706_8215686281842601_4638479805917268941_n.jpg\",\"contentUrl\":\"https:\\\/\\\/www.katzenhoffnung.at\\\/kaho\\\/wp-content\\\/uploads\\\/453250706_8215686281842601_4638479805917268941_n.jpg\",\"width\":1080,\"height\":1080},{\"@type\":\"BreadcrumbList\",\"@id\":\"https:\\\/\\\/www.katzenhoffnung.at\\\/kaho\\\/produkt\\\/katzen-backbuch-nicht-fuer-die-katze\\\/#breadcrumb\",\"itemListElement\":[{\"@type\":\"ListItem\",\"position\":1,\"name\":\"Startseite\",\"item\":\"https:\\\/\\\/www.katzenhoffnung.at\\\/kaho\\\/\"},{\"@type\":\"ListItem\",\"position\":2,\"name\":\"Onlineshop\",\"item\":\"https:\\\/\\\/www.katzenhoffnung.at\\\/kaho\\\/shop\\\/\"},{\"@type\":\"ListItem\",\"position\":3,\"name\":\"Katzen-Backbuch (nicht f\u00fcr die Katze)\"}]},{\"@type\":\"WebSite\",\"@id\":\"https:\\\/\\\/www.katzenhoffnung.at\\\/kaho\\\/#website\",\"url\":\"https:\\\/\\\/www.katzenhoffnung.at\\\/kaho\\\/\",\"name\":\"Paradies f\u00fcr HandiCATs Katzenhoffnung Steiermark\",\"description\":\"Behinderte Katzen - HandiCATs - SpecialCareCATs\",\"publisher\":{\"@id\":\"https:\\\/\\\/www.katzenhoffnung.at\\\/kaho\\\/#organization\"},\"alternateName\":\"HandiCATs Mooskirchen\",\"potentialAction\":[{\"@type\":\"SearchAction\",\"target\":{\"@type\":\"EntryPoint\",\"urlTemplate\":\"https:\\\/\\\/www.katzenhoffnung.at\\\/kaho\\\/?s={search_term_string}\"},\"query-input\":{\"@type\":\"PropertyValueSpecification\",\"valueRequired\":true,\"valueName\":\"search_term_string\"}}],\"inLanguage\":\"de\"},{\"@type\":\"Organization\",\"@id\":\"https:\\\/\\\/www.katzenhoffnung.at\\\/kaho\\\/#organization\",\"name\":\"Paradies f\u00fcr HandiCATs Katzenhoffnung Steiermark\",\"alternateName\":\"behinderte Katzen - HandiCat\",\"url\":\"https:\\\/\\\/www.katzenhoffnung.at\\\/kaho\\\/\",\"logo\":{\"@type\":\"ImageObject\",\"inLanguage\":\"de\",\"@id\":\"https:\\\/\\\/www.katzenhoffnung.at\\\/kaho\\\/#\\\/schema\\\/logo\\\/image\\\/\",\"url\":\"https:\\\/\\\/www.katzenhoffnung.at\\\/kaho\\\/wp-content\\\/uploads\\\/cropped-kaho-stmk_v3-300x140-1.png\",\"contentUrl\":\"https:\\\/\\\/www.katzenhoffnung.at\\\/kaho\\\/wp-content\\\/uploads\\\/cropped-kaho-stmk_v3-300x140-1.png\",\"width\":265,\"height\":110,\"caption\":\"Paradies f\u00fcr HandiCATs Katzenhoffnung Steiermark\"},\"image\":{\"@id\":\"https:\\\/\\\/www.katzenhoffnung.at\\\/kaho\\\/#\\\/schema\\\/logo\\\/image\\\/\"},\"sameAs\":[\"https:\\\/\\\/www.facebook.com\\\/katzenhoffnung\",\"https:\\\/\\\/www.tiktok.com\\\/@handicats\",\"https:\\\/\\\/www.instagram.com\\\/paradise_for_handicats\\\/\"]}]}<\/script>\n<!-- \/ Yoast SEO plugin. -->","yoast_head_json":{"title":"Katzen-Backbuch (nicht f\u00fcr die Katze) - Paradies f\u00fcr HandiCATs Katzenhoffnung","description":"Katzen, Backbuch, Rezepte f\u00fcr Menschen, Backrezepte, viele tolle Rezepte, Chefin Frieda, Handicats, zu Gunsten der Handicats","robots":{"index":"index","follow":"follow","max-snippet":"max-snippet:-1","max-image-preview":"max-image-preview:large","max-video-preview":"max-video-preview:-1"},"canonical":"https:\/\/www.katzenhoffnung.at\/kaho\/produkt\/katzen-backbuch-nicht-fuer-die-katze\/","og_locale":"de_DE","og_type":"article","og_title":"Katzen-Backbuch (nicht f\u00fcr die Katze) - Paradies f\u00fcr HandiCATs Katzenhoffnung","og_description":"Katzen, Backbuch, Rezepte f\u00fcr Menschen, Backrezepte, viele tolle Rezepte, Chefin Frieda, Handicats, zu Gunsten der Handicats","og_url":"https:\/\/www.katzenhoffnung.at\/kaho\/produkt\/katzen-backbuch-nicht-fuer-die-katze\/","og_site_name":"Paradies f\u00fcr HandiCATs Katzenhoffnung","article_publisher":"https:\/\/www.facebook.com\/katzenhoffnung","article_modified_time":"2024-12-18T11:23:21+00:00","og_image":[{"width":1080,"height":1080,"url":"https:\/\/www.katzenhoffnung.at\/kaho\/wp-content\/uploads\/453250706_8215686281842601_4638479805917268941_n.jpg","type":"image\/jpeg"}],"twitter_card":"summary_large_image","twitter_misc":{"Gesch\u00e4tzte Lesezeit":"2\u00a0Minuten"},"schema":{"@context":"https:\/\/schema.org","@graph":[{"@type":"WebPage","@id":"https:\/\/www.katzenhoffnung.at\/kaho\/produkt\/katzen-backbuch-nicht-fuer-die-katze\/","url":"https:\/\/www.katzenhoffnung.at\/kaho\/produkt\/katzen-backbuch-nicht-fuer-die-katze\/","name":"Katzen-Backbuch (nicht f\u00fcr die Katze) - Paradies f\u00fcr HandiCATs Katzenhoffnung","isPartOf":{"@id":"https:\/\/www.katzenhoffnung.at\/kaho\/#website"},"primaryImageOfPage":{"@id":"https:\/\/www.katzenhoffnung.at\/kaho\/produkt\/katzen-backbuch-nicht-fuer-die-katze\/#primaryimage"},"image":{"@id":"https:\/\/www.katzenhoffnung.at\/kaho\/produkt\/katzen-backbuch-nicht-fuer-die-katze\/#primaryimage"},"thumbnailUrl":"https:\/\/www.katzenhoffnung.at\/kaho\/wp-content\/uploads\/453250706_8215686281842601_4638479805917268941_n.jpg","datePublished":"2024-10-02T11:56:41+00:00","dateModified":"2024-12-18T11:23:21+00:00","description":"Katzen, Backbuch, Rezepte f\u00fcr Menschen, Backrezepte, viele tolle Rezepte, Chefin Frieda, Handicats, zu Gunsten der Handicats","breadcrumb":{"@id":"https:\/\/www.katzenhoffnung.at\/kaho\/produkt\/katzen-backbuch-nicht-fuer-die-katze\/#breadcrumb"},"inLanguage":"de","potentialAction":[{"@type":"ReadAction","target":["https:\/\/www.katzenhoffnung.at\/kaho\/produkt\/katzen-backbuch-nicht-fuer-die-katze\/"]}]},{"@type":"ImageObject","inLanguage":"de","@id":"https:\/\/www.katzenhoffnung.at\/kaho\/produkt\/katzen-backbuch-nicht-fuer-die-katze\/#primaryimage","url":"https:\/\/www.katzenhoffnung.at\/kaho\/wp-content\/uploads\/453250706_8215686281842601_4638479805917268941_n.jpg","contentUrl":"https:\/\/www.katzenhoffnung.at\/kaho\/wp-content\/uploads\/453250706_8215686281842601_4638479805917268941_n.jpg","width":1080,"height":1080},{"@type":"BreadcrumbList","@id":"https:\/\/www.katzenhoffnung.at\/kaho\/produkt\/katzen-backbuch-nicht-fuer-die-katze\/#breadcrumb","itemListElement":[{"@type":"ListItem","position":1,"name":"Startseite","item":"https:\/\/www.katzenhoffnung.at\/kaho\/"},{"@type":"ListItem","position":2,"name":"Onlineshop","item":"https:\/\/www.katzenhoffnung.at\/kaho\/shop\/"},{"@type":"ListItem","position":3,"name":"Katzen-Backbuch (nicht f\u00fcr die Katze)"}]},{"@type":"WebSite","@id":"https:\/\/www.katzenhoffnung.at\/kaho\/#website","url":"https:\/\/www.katzenhoffnung.at\/kaho\/","name":"Paradies f\u00fcr HandiCATs Katzenhoffnung Steiermark","description":"Behinderte Katzen - HandiCATs - SpecialCareCATs","publisher":{"@id":"https:\/\/www.katzenhoffnung.at\/kaho\/#organization"},"alternateName":"HandiCATs Mooskirchen","potentialAction":[{"@type":"SearchAction","target":{"@type":"EntryPoint","urlTemplate":"https:\/\/www.katzenhoffnung.at\/kaho\/?s={search_term_string}"},"query-input":{"@type":"PropertyValueSpecification","valueRequired":true,"valueName":"search_term_string"}}],"inLanguage":"de"},{"@type":"Organization","@id":"https:\/\/www.katzenhoffnung.at\/kaho\/#organization","name":"Paradies f\u00fcr HandiCATs Katzenhoffnung Steiermark","alternateName":"behinderte Katzen - HandiCat","url":"https:\/\/www.katzenhoffnung.at\/kaho\/","logo":{"@type":"ImageObject","inLanguage":"de","@id":"https:\/\/www.katzenhoffnung.at\/kaho\/#\/schema\/logo\/image\/","url":"https:\/\/www.katzenhoffnung.at\/kaho\/wp-content\/uploads\/cropped-kaho-stmk_v3-300x140-1.png","contentUrl":"https:\/\/www.katzenhoffnung.at\/kaho\/wp-content\/uploads\/cropped-kaho-stmk_v3-300x140-1.png","width":265,"height":110,"caption":"Paradies f\u00fcr HandiCATs Katzenhoffnung Steiermark"},"image":{"@id":"https:\/\/www.katzenhoffnung.at\/kaho\/#\/schema\/logo\/image\/"},"sameAs":["https:\/\/www.facebook.com\/katzenhoffnung","https:\/\/www.tiktok.com\/@handicats","https:\/\/www.instagram.com\/paradise_for_handicats\/"]}]}},"_links":{"self":[{"href":"https:\/\/www.katzenhoffnung.at\/kaho\/wp-json\/wp\/v2\/product\/3935","targetHints":{"allow":["GET"]}}],"collection":[{"href":"https:\/\/www.katzenhoffnung.at\/kaho\/wp-json\/wp\/v2\/product"}],"about":[{"href":"https:\/\/www.katzenhoffnung.at\/kaho\/wp-json\/wp\/v2\/types\/product"}],"wp:featuredmedia":[{"embeddable":true,"href":"https:\/\/www.katzenhoffnung.at\/kaho\/wp-json\/wp\/v2\/media\/3934"}],"wp:attachment":[{"href":"https:\/\/www.katzenhoffnung.at\/kaho\/wp-json\/wp\/v2\/media?parent=3935"}],"wp:term":[{"taxonomy":"product_brand","embeddable":true,"href":"https:\/\/www.katzenhoffnung.at\/kaho\/wp-json\/wp\/v2\/product_brand?post=3935"},{"taxonomy":"product_cat","embeddable":true,"href":"https:\/\/www.katzenhoffnung.at\/kaho\/wp-json\/wp\/v2\/product_cat?post=3935"},{"taxonomy":"product_tag","embeddable":true,"href":"https:\/\/www.katzenhoffnung.at\/kaho\/wp-json\/wp\/v2\/product_tag?post=3935"}],"curies":[{"name":"wp","href":"https:\/\/api.w.org\/{rel}","templated":true}]}}