{"id":1964,"date":"2022-11-03T06:03:57","date_gmt":"2022-11-03T05:03:57","guid":{"rendered":"https:\/\/www.katzenhoffnung.at\/kaho\/?post_type=product&#038;p=1964"},"modified":"2025-11-26T20:21:02","modified_gmt":"2025-11-26T19:21:02","slug":"tischkalender-mit-unseren-handicats-fuer-das-jahr-2025-2","status":"publish","type":"product","link":"https:\/\/www.katzenhoffnung.at\/kaho\/produkt\/tischkalender-mit-unseren-handicats-fuer-das-jahr-2025-2\/","title":{"rendered":"HandiCATs-Wandkalender 2026"},"content":{"rendered":"<p>Unser Wandkalender ist ein &#8222;Monatswandkalender&#8220; in der Gr\u00f6\u00dfe eines halben A2 &#8211; Hochformat (zusammengeklappt ist er A4, h\u00e4ngt man ihn jedoch an der Lochung auf, ergibt sich eine Gr\u00f6\u00dfe von einem halben A2 (2 A4-Seiten \u00fcbereinander) &#8211; jedes Monat zum Umbl\u00e4ttern.<br \/>\nAufgeh\u00e4ngt ist jedes Monat ein Bild einer unserer HandiCATs sowie der dazugeh\u00f6rige Monat sichtbar &#8211; inkl. Platz zum Eintragen eurer Termine.<\/p>\n<p>gegen eine Spende von EUR 12,00 erh\u00e4ltlich.<\/p>\n<p><strong>ACHTUNG:<\/strong><br \/>\nDer Versand erfolgt ab Mitte November 2025.<br \/>\nDeine Bestellung trifft sp\u00e4testens bis 24. Dezember 2025 bei dir ein.<\/p>\n","protected":false},"excerpt":{"rendered":"<p>Unser Wandkalender ist ein &#8222;Monatswandkalender&#8220; in der Gr\u00f6\u00dfe A3 (zusammengeklappt ist er A4, h\u00e4ngt man ihn jedoch an der Lochung auf, ergibt sich eine Gr\u00f6\u00dfe von A3)- jedes Monat zum Umbl\u00e4ttern.<br \/>\nAufgeh\u00e4ngt ist jedes Monat ein Bild einer unserer HandiCATs sowie der dazugeh\u00f6rige Monat sichtbar &#8211; inkl. Platz zum Eintragen eurer Termine.<\/p>\n<p>gegen eine Spende von EUR 12,00 erh\u00e4ltlich.<\/p>\n<p>&nbsp;<\/p>\n<p><strong>ACHTUNG:<\/strong><br \/>\nDer Versand erfolgt ab Mitte November 2025.<br \/>\nDeine Bestellung trifft sp\u00e4testens bis 24. Dezember 2025 bei dir ein.<\/p>\n","protected":false},"featured_media":5001,"template":"","meta":{"site-sidebar-layout":"default","site-content-layout":"default","ast-site-content-layout":"default","site-content-style":"default","site-sidebar-style":"default","ast-global-header-display":"","ast-banner-title-visibility":"","ast-main-header-display":"","ast-hfb-above-header-display":"","ast-hfb-below-header-display":"","ast-hfb-mobile-header-display":"","site-post-title":"","ast-breadcrumbs-content":"","ast-featured-img":"","footer-sml-layout":"","ast-disable-related-posts":"","theme-transparent-header-meta":"default","adv-header-id-meta":"","stick-header-meta":"default","header-above-stick-meta":"","header-main-stick-meta":"","header-below-stick-meta":"","astra-migrate-meta-layouts":"set","ast-page-background-enabled":"default","ast-page-background-meta":{"desktop":{"background-color":"","background-image":"","background-repeat":"repeat","background-position":"center center","background-size":"auto","background-attachment":"scroll","background-type":"","background-media":"","overlay-type":"","overlay-color":"","overlay-opacity":"","overlay-gradient":""},"tablet":{"background-color":"","background-image":"","background-repeat":"repeat","background-position":"center center","background-size":"auto","background-attachment":"scroll","background-type":"","background-media":"","overlay-type":"","overlay-color":"","overlay-opacity":"","overlay-gradient":""},"mobile":{"background-color":"","background-image":"","background-repeat":"repeat","background-position":"center center","background-size":"auto","background-attachment":"scroll","background-type":"","background-media":"","overlay-type":"","overlay-color":"","overlay-opacity":"","overlay-gradient":""}},"ast-content-background-meta":{"desktop":{"background-color":"var(--ast-global-color-5)","background-image":"","background-repeat":"repeat","background-position":"center center","background-size":"auto","background-attachment":"scroll","background-type":"","background-media":"","overlay-type":"","overlay-color":"","overlay-opacity":"","overlay-gradient":""},"tablet":{"background-color":"var(--ast-global-color-5)","background-image":"","background-repeat":"repeat","background-position":"center center","background-size":"auto","background-attachment":"scroll","background-type":"","background-media":"","overlay-type":"","overlay-color":"","overlay-opacity":"","overlay-gradient":""},"mobile":{"background-color":"var(--ast-global-color-5)","background-image":"","background-repeat":"repeat","background-position":"center center","background-size":"auto","background-attachment":"scroll","background-type":"","background-media":"","overlay-type":"","overlay-color":"","overlay-opacity":"","overlay-gradient":""}},"ngg_post_thumbnail":0},"product_brand":[],"product_cat":[61],"product_tag":[],"class_list":{"0":"post-1964","1":"product","2":"type-product","3":"status-publish","4":"has-post-thumbnail","6":"product_cat-wandtischkalender","7":"product_shipping_class-tischwandkalender","8":"desktop-align-left","9":"tablet-align-left","10":"mobile-align-left","11":"ast-product-gallery-layout-horizontal-slider","12":"ast-product-tabs-layout-horizontal","14":"first","15":"instock","16":"shipping-taxable","17":"purchasable","18":"product-type-simple"},"yoast_head":"<!-- This site is optimized with the Yoast SEO plugin v27.5 - https:\/\/yoast.com\/product\/yoast-seo-wordpress\/ -->\n<title>HandiCATs-Wandkalender 2026 - Paradies f\u00fcr HandiCATs Katzenhoffnung<\/title>\n<meta name=\"description\" content=\"Unser Wandkalender ist ein &quot;Monatswandkalender&quot; in der Gr\u00f6\u00dfe A3 (zusammengeklappt ist er A4, h\u00e4ngt man ihn jedoch an der Lochung auf, ergibt sich eine Gr\u00f6\u00dfe von A3)- jedes Monat zum Umbl\u00e4ttern.\" \/>\n<meta name=\"robots\" content=\"index, follow, max-snippet:-1, max-image-preview:large, max-video-preview:-1\" \/>\n<link rel=\"canonical\" href=\"https:\/\/www.katzenhoffnung.at\/kaho\/produkt\/tischkalender-mit-unseren-handicats-fuer-das-jahr-2025-2\/\" \/>\n<meta property=\"og:locale\" content=\"de_DE\" \/>\n<meta property=\"og:type\" content=\"article\" \/>\n<meta property=\"og:title\" content=\"HandiCATs-Wandkalender 2026 - Paradies f\u00fcr HandiCATs Katzenhoffnung\" \/>\n<meta property=\"og:description\" content=\"Unser Wandkalender ist ein &quot;Monatswandkalender&quot; in der Gr\u00f6\u00dfe A3 (zusammengeklappt ist er A4, h\u00e4ngt man ihn jedoch an der Lochung auf, ergibt sich eine Gr\u00f6\u00dfe von A3)- jedes Monat zum Umbl\u00e4ttern.\" \/>\n<meta property=\"og:url\" content=\"https:\/\/www.katzenhoffnung.at\/kaho\/produkt\/tischkalender-mit-unseren-handicats-fuer-das-jahr-2025-2\/\" \/>\n<meta property=\"og:site_name\" content=\"Paradies f\u00fcr HandiCATs Katzenhoffnung\" \/>\n<meta property=\"article:publisher\" content=\"https:\/\/www.facebook.com\/katzenhoffnung\" \/>\n<meta property=\"article:modified_time\" content=\"2025-11-26T19:21:02+00:00\" \/>\n<meta property=\"og:image\" content=\"https:\/\/www.katzenhoffnung.at\/kaho\/wp-content\/uploads\/Bildschirmfoto-2025-10-16-um-13.13.02.png\" \/>\n\t<meta property=\"og:image:width\" content=\"794\" \/>\n\t<meta property=\"og:image:height\" content=\"1130\" \/>\n\t<meta property=\"og:image:type\" content=\"image\/png\" \/>\n<meta name=\"twitter:card\" content=\"summary_large_image\" \/>\n<meta name=\"twitter:label1\" content=\"Gesch\u00e4tzte Lesezeit\" \/>\n\t<meta name=\"twitter:data1\" content=\"1\u00a0Minute\" \/>\n<script type=\"application\/ld+json\" class=\"yoast-schema-graph\">{\"@context\":\"https:\\\/\\\/schema.org\",\"@graph\":[{\"@type\":\"WebPage\",\"@id\":\"https:\\\/\\\/www.katzenhoffnung.at\\\/kaho\\\/produkt\\\/tischkalender-mit-unseren-handicats-fuer-das-jahr-2025-2\\\/\",\"url\":\"https:\\\/\\\/www.katzenhoffnung.at\\\/kaho\\\/produkt\\\/tischkalender-mit-unseren-handicats-fuer-das-jahr-2025-2\\\/\",\"name\":\"HandiCATs-Wandkalender 2026 - Paradies f\u00fcr HandiCATs Katzenhoffnung\",\"isPartOf\":{\"@id\":\"https:\\\/\\\/www.katzenhoffnung.at\\\/kaho\\\/#website\"},\"primaryImageOfPage\":{\"@id\":\"https:\\\/\\\/www.katzenhoffnung.at\\\/kaho\\\/produkt\\\/tischkalender-mit-unseren-handicats-fuer-das-jahr-2025-2\\\/#primaryimage\"},\"image\":{\"@id\":\"https:\\\/\\\/www.katzenhoffnung.at\\\/kaho\\\/produkt\\\/tischkalender-mit-unseren-handicats-fuer-das-jahr-2025-2\\\/#primaryimage\"},\"thumbnailUrl\":\"https:\\\/\\\/www.katzenhoffnung.at\\\/kaho\\\/wp-content\\\/uploads\\\/Bildschirmfoto-2025-10-16-um-13.13.02.png\",\"datePublished\":\"2022-11-03T05:03:57+00:00\",\"dateModified\":\"2025-11-26T19:21:02+00:00\",\"description\":\"Unser Wandkalender ist ein \\\"Monatswandkalender\\\" in der Gr\u00f6\u00dfe A3 (zusammengeklappt ist er A4, h\u00e4ngt man ihn jedoch an der Lochung auf, ergibt sich eine Gr\u00f6\u00dfe von A3)- jedes Monat zum Umbl\u00e4ttern.\",\"breadcrumb\":{\"@id\":\"https:\\\/\\\/www.katzenhoffnung.at\\\/kaho\\\/produkt\\\/tischkalender-mit-unseren-handicats-fuer-das-jahr-2025-2\\\/#breadcrumb\"},\"inLanguage\":\"de\",\"potentialAction\":[{\"@type\":\"ReadAction\",\"target\":[\"https:\\\/\\\/www.katzenhoffnung.at\\\/kaho\\\/produkt\\\/tischkalender-mit-unseren-handicats-fuer-das-jahr-2025-2\\\/\"]}]},{\"@type\":\"ImageObject\",\"inLanguage\":\"de\",\"@id\":\"https:\\\/\\\/www.katzenhoffnung.at\\\/kaho\\\/produkt\\\/tischkalender-mit-unseren-handicats-fuer-das-jahr-2025-2\\\/#primaryimage\",\"url\":\"https:\\\/\\\/www.katzenhoffnung.at\\\/kaho\\\/wp-content\\\/uploads\\\/Bildschirmfoto-2025-10-16-um-13.13.02.png\",\"contentUrl\":\"https:\\\/\\\/www.katzenhoffnung.at\\\/kaho\\\/wp-content\\\/uploads\\\/Bildschirmfoto-2025-10-16-um-13.13.02.png\",\"width\":794,\"height\":1130},{\"@type\":\"BreadcrumbList\",\"@id\":\"https:\\\/\\\/www.katzenhoffnung.at\\\/kaho\\\/produkt\\\/tischkalender-mit-unseren-handicats-fuer-das-jahr-2025-2\\\/#breadcrumb\",\"itemListElement\":[{\"@type\":\"ListItem\",\"position\":1,\"name\":\"Startseite\",\"item\":\"https:\\\/\\\/www.katzenhoffnung.at\\\/kaho\\\/\"},{\"@type\":\"ListItem\",\"position\":2,\"name\":\"Onlineshop\",\"item\":\"https:\\\/\\\/www.katzenhoffnung.at\\\/kaho\\\/shop\\\/\"},{\"@type\":\"ListItem\",\"position\":3,\"name\":\"HandiCATs-Wandkalender 2026\"}]},{\"@type\":\"WebSite\",\"@id\":\"https:\\\/\\\/www.katzenhoffnung.at\\\/kaho\\\/#website\",\"url\":\"https:\\\/\\\/www.katzenhoffnung.at\\\/kaho\\\/\",\"name\":\"Paradies f\u00fcr HandiCATs Katzenhoffnung Steiermark\",\"description\":\"Behinderte Katzen - HandiCATs - SpecialCareCATs\",\"publisher\":{\"@id\":\"https:\\\/\\\/www.katzenhoffnung.at\\\/kaho\\\/#organization\"},\"alternateName\":\"HandiCATs Mooskirchen\",\"potentialAction\":[{\"@type\":\"SearchAction\",\"target\":{\"@type\":\"EntryPoint\",\"urlTemplate\":\"https:\\\/\\\/www.katzenhoffnung.at\\\/kaho\\\/?s={search_term_string}\"},\"query-input\":{\"@type\":\"PropertyValueSpecification\",\"valueRequired\":true,\"valueName\":\"search_term_string\"}}],\"inLanguage\":\"de\"},{\"@type\":\"Organization\",\"@id\":\"https:\\\/\\\/www.katzenhoffnung.at\\\/kaho\\\/#organization\",\"name\":\"Paradies f\u00fcr HandiCATs Katzenhoffnung Steiermark\",\"alternateName\":\"behinderte Katzen - HandiCat\",\"url\":\"https:\\\/\\\/www.katzenhoffnung.at\\\/kaho\\\/\",\"logo\":{\"@type\":\"ImageObject\",\"inLanguage\":\"de\",\"@id\":\"https:\\\/\\\/www.katzenhoffnung.at\\\/kaho\\\/#\\\/schema\\\/logo\\\/image\\\/\",\"url\":\"https:\\\/\\\/www.katzenhoffnung.at\\\/kaho\\\/wp-content\\\/uploads\\\/cropped-kaho-stmk_v3-300x140-1.png\",\"contentUrl\":\"https:\\\/\\\/www.katzenhoffnung.at\\\/kaho\\\/wp-content\\\/uploads\\\/cropped-kaho-stmk_v3-300x140-1.png\",\"width\":265,\"height\":110,\"caption\":\"Paradies f\u00fcr HandiCATs Katzenhoffnung Steiermark\"},\"image\":{\"@id\":\"https:\\\/\\\/www.katzenhoffnung.at\\\/kaho\\\/#\\\/schema\\\/logo\\\/image\\\/\"},\"sameAs\":[\"https:\\\/\\\/www.facebook.com\\\/katzenhoffnung\",\"https:\\\/\\\/www.tiktok.com\\\/@handicats\",\"https:\\\/\\\/www.instagram.com\\\/paradise_for_handicats\\\/\"]}]}<\/script>\n<!-- \/ Yoast SEO plugin. -->","yoast_head_json":{"title":"HandiCATs-Wandkalender 2026 - Paradies f\u00fcr HandiCATs Katzenhoffnung","description":"Unser Wandkalender ist ein \"Monatswandkalender\" in der Gr\u00f6\u00dfe A3 (zusammengeklappt ist er A4, h\u00e4ngt man ihn jedoch an der Lochung auf, ergibt sich eine Gr\u00f6\u00dfe von A3)- jedes Monat zum Umbl\u00e4ttern.","robots":{"index":"index","follow":"follow","max-snippet":"max-snippet:-1","max-image-preview":"max-image-preview:large","max-video-preview":"max-video-preview:-1"},"canonical":"https:\/\/www.katzenhoffnung.at\/kaho\/produkt\/tischkalender-mit-unseren-handicats-fuer-das-jahr-2025-2\/","og_locale":"de_DE","og_type":"article","og_title":"HandiCATs-Wandkalender 2026 - Paradies f\u00fcr HandiCATs Katzenhoffnung","og_description":"Unser Wandkalender ist ein \"Monatswandkalender\" in der Gr\u00f6\u00dfe A3 (zusammengeklappt ist er A4, h\u00e4ngt man ihn jedoch an der Lochung auf, ergibt sich eine Gr\u00f6\u00dfe von A3)- jedes Monat zum Umbl\u00e4ttern.","og_url":"https:\/\/www.katzenhoffnung.at\/kaho\/produkt\/tischkalender-mit-unseren-handicats-fuer-das-jahr-2025-2\/","og_site_name":"Paradies f\u00fcr HandiCATs Katzenhoffnung","article_publisher":"https:\/\/www.facebook.com\/katzenhoffnung","article_modified_time":"2025-11-26T19:21:02+00:00","og_image":[{"width":794,"height":1130,"url":"https:\/\/www.katzenhoffnung.at\/kaho\/wp-content\/uploads\/Bildschirmfoto-2025-10-16-um-13.13.02.png","type":"image\/png"}],"twitter_card":"summary_large_image","twitter_misc":{"Gesch\u00e4tzte Lesezeit":"1\u00a0Minute"},"schema":{"@context":"https:\/\/schema.org","@graph":[{"@type":"WebPage","@id":"https:\/\/www.katzenhoffnung.at\/kaho\/produkt\/tischkalender-mit-unseren-handicats-fuer-das-jahr-2025-2\/","url":"https:\/\/www.katzenhoffnung.at\/kaho\/produkt\/tischkalender-mit-unseren-handicats-fuer-das-jahr-2025-2\/","name":"HandiCATs-Wandkalender 2026 - Paradies f\u00fcr HandiCATs Katzenhoffnung","isPartOf":{"@id":"https:\/\/www.katzenhoffnung.at\/kaho\/#website"},"primaryImageOfPage":{"@id":"https:\/\/www.katzenhoffnung.at\/kaho\/produkt\/tischkalender-mit-unseren-handicats-fuer-das-jahr-2025-2\/#primaryimage"},"image":{"@id":"https:\/\/www.katzenhoffnung.at\/kaho\/produkt\/tischkalender-mit-unseren-handicats-fuer-das-jahr-2025-2\/#primaryimage"},"thumbnailUrl":"https:\/\/www.katzenhoffnung.at\/kaho\/wp-content\/uploads\/Bildschirmfoto-2025-10-16-um-13.13.02.png","datePublished":"2022-11-03T05:03:57+00:00","dateModified":"2025-11-26T19:21:02+00:00","description":"Unser Wandkalender ist ein \"Monatswandkalender\" in der Gr\u00f6\u00dfe A3 (zusammengeklappt ist er A4, h\u00e4ngt man ihn jedoch an der Lochung auf, ergibt sich eine Gr\u00f6\u00dfe von A3)- jedes Monat zum Umbl\u00e4ttern.","breadcrumb":{"@id":"https:\/\/www.katzenhoffnung.at\/kaho\/produkt\/tischkalender-mit-unseren-handicats-fuer-das-jahr-2025-2\/#breadcrumb"},"inLanguage":"de","potentialAction":[{"@type":"ReadAction","target":["https:\/\/www.katzenhoffnung.at\/kaho\/produkt\/tischkalender-mit-unseren-handicats-fuer-das-jahr-2025-2\/"]}]},{"@type":"ImageObject","inLanguage":"de","@id":"https:\/\/www.katzenhoffnung.at\/kaho\/produkt\/tischkalender-mit-unseren-handicats-fuer-das-jahr-2025-2\/#primaryimage","url":"https:\/\/www.katzenhoffnung.at\/kaho\/wp-content\/uploads\/Bildschirmfoto-2025-10-16-um-13.13.02.png","contentUrl":"https:\/\/www.katzenhoffnung.at\/kaho\/wp-content\/uploads\/Bildschirmfoto-2025-10-16-um-13.13.02.png","width":794,"height":1130},{"@type":"BreadcrumbList","@id":"https:\/\/www.katzenhoffnung.at\/kaho\/produkt\/tischkalender-mit-unseren-handicats-fuer-das-jahr-2025-2\/#breadcrumb","itemListElement":[{"@type":"ListItem","position":1,"name":"Startseite","item":"https:\/\/www.katzenhoffnung.at\/kaho\/"},{"@type":"ListItem","position":2,"name":"Onlineshop","item":"https:\/\/www.katzenhoffnung.at\/kaho\/shop\/"},{"@type":"ListItem","position":3,"name":"HandiCATs-Wandkalender 2026"}]},{"@type":"WebSite","@id":"https:\/\/www.katzenhoffnung.at\/kaho\/#website","url":"https:\/\/www.katzenhoffnung.at\/kaho\/","name":"Paradies f\u00fcr HandiCATs Katzenhoffnung Steiermark","description":"Behinderte Katzen - HandiCATs - SpecialCareCATs","publisher":{"@id":"https:\/\/www.katzenhoffnung.at\/kaho\/#organization"},"alternateName":"HandiCATs Mooskirchen","potentialAction":[{"@type":"SearchAction","target":{"@type":"EntryPoint","urlTemplate":"https:\/\/www.katzenhoffnung.at\/kaho\/?s={search_term_string}"},"query-input":{"@type":"PropertyValueSpecification","valueRequired":true,"valueName":"search_term_string"}}],"inLanguage":"de"},{"@type":"Organization","@id":"https:\/\/www.katzenhoffnung.at\/kaho\/#organization","name":"Paradies f\u00fcr HandiCATs Katzenhoffnung Steiermark","alternateName":"behinderte Katzen - HandiCat","url":"https:\/\/www.katzenhoffnung.at\/kaho\/","logo":{"@type":"ImageObject","inLanguage":"de","@id":"https:\/\/www.katzenhoffnung.at\/kaho\/#\/schema\/logo\/image\/","url":"https:\/\/www.katzenhoffnung.at\/kaho\/wp-content\/uploads\/cropped-kaho-stmk_v3-300x140-1.png","contentUrl":"https:\/\/www.katzenhoffnung.at\/kaho\/wp-content\/uploads\/cropped-kaho-stmk_v3-300x140-1.png","width":265,"height":110,"caption":"Paradies f\u00fcr HandiCATs Katzenhoffnung Steiermark"},"image":{"@id":"https:\/\/www.katzenhoffnung.at\/kaho\/#\/schema\/logo\/image\/"},"sameAs":["https:\/\/www.facebook.com\/katzenhoffnung","https:\/\/www.tiktok.com\/@handicats","https:\/\/www.instagram.com\/paradise_for_handicats\/"]}]}},"_links":{"self":[{"href":"https:\/\/www.katzenhoffnung.at\/kaho\/wp-json\/wp\/v2\/product\/1964","targetHints":{"allow":["GET"]}}],"collection":[{"href":"https:\/\/www.katzenhoffnung.at\/kaho\/wp-json\/wp\/v2\/product"}],"about":[{"href":"https:\/\/www.katzenhoffnung.at\/kaho\/wp-json\/wp\/v2\/types\/product"}],"wp:featuredmedia":[{"embeddable":true,"href":"https:\/\/www.katzenhoffnung.at\/kaho\/wp-json\/wp\/v2\/media\/5001"}],"wp:attachment":[{"href":"https:\/\/www.katzenhoffnung.at\/kaho\/wp-json\/wp\/v2\/media?parent=1964"}],"wp:term":[{"taxonomy":"product_brand","embeddable":true,"href":"https:\/\/www.katzenhoffnung.at\/kaho\/wp-json\/wp\/v2\/product_brand?post=1964"},{"taxonomy":"product_cat","embeddable":true,"href":"https:\/\/www.katzenhoffnung.at\/kaho\/wp-json\/wp\/v2\/product_cat?post=1964"},{"taxonomy":"product_tag","embeddable":true,"href":"https:\/\/www.katzenhoffnung.at\/kaho\/wp-json\/wp\/v2\/product_tag?post=1964"}],"curies":[{"name":"wp","href":"https:\/\/api.w.org\/{rel}","templated":true}]}}