{"id":4749,"date":"2025-01-30T13:01:40","date_gmt":"2025-01-30T12:01:40","guid":{"rendered":"https:\/\/www.katzenhoffnung.at\/kaho\/?page_id=4749"},"modified":"2025-10-13T05:21:02","modified_gmt":"2025-10-13T03:21:02","slug":"spendenabsetzbarkeit","status":"publish","type":"page","link":"https:\/\/www.katzenhoffnung.at\/kaho\/spendenabsetzbarkeit\/","title":{"rendered":"Spendenabsetzbarkeit"},"content":{"rendered":"<p><span><img decoding=\"async\" alt=\"\" data-id=\"4736\" width=\"162\" data-init-width=\"272\" height=\"110\" data-init-height=\"185\" title=\"Spende-Absetzbar-rot\" loading=\"lazy\" src=\"https:\/\/www.katzenhoffnung.at\/kaho\/wp-content\/uploads\/Spende-Absetzbar-rot.png\" data-width=\"162\" data-height=\"110\" style=\"aspect-ratio: auto 272 \/ 185;\"><\/span><\/p>\n<p>Ab sofort sind die Spenden f\u00fcr unsere HandiCATs &nbsp;auch in \u00d6sterreich &#8211; und nicht nur in allen anderen Europ\u00e4ischen L\u00e4ndern &#8211; von der Steuer absetzbar.&nbsp;Die Spenden sind sowohl f\u00fcr Privatpersonen als auch Unternehmen steuerlich absetzbar. Unsere Registrierungsnummer beim Bundesministerium f\u00fcr Finanzen lautet &#8222;NT26317&#8220;.&nbsp;Die aufrechte Spendenabsetzbarkeit kann auch hier in der Liste der beg\u00fcnstigten Einrichtungen nachgepr\u00fcft werden:&nbsp;<a href=\"https:\/\/service.bmf.gv.at\/service\/allg\/spenden\/show_mast.asp\" target=\"_blank\" style=\"outline: currentcolor;\">Zum BMF (Liste beg\u00fcnstiger Einrichtungen)<\/a><a href=\"http:\/\/ https:\/\/service.bmf.gv.at\/service\/allg\/spenden\/show_mast.asp&nbsp;\" style=\"outline: currentcolor;\" target=\"_blank\"> <\/a><\/p>\n<p>Um die entsprechenden Spenden am Ende des Jahres an das Finanzministerium melden zu k\u00f6nnen, ben\u00f6tigen wir von&nbsp;<strong>\u00f6sterreichischen privaten Spendern<\/strong>:<\/p>\n<p>\u2013 Vorname\u2013 Nachname<strong>\u2013 Geburtsdatum<\/strong><\/p>\n<p>Diese Daten werden von uns&nbsp;an das Finanzministerium \u00fcbermittelt, damit sind von Ihnen keine weiteren Eingaben an das&nbsp; Finanzministerium mehr n\u00f6tig. Die Gutschrift wird im Zuge des Jahresausgleichs vorgenommen.<\/p>\n<p>Wenn Ihre Spende durch \u00dcberweisung von Ihrem Konto auf das Konto von<em>&nbsp;&#8222;Paradies f\u00fcr HandiCATs Katzenhoffnung&#8220;&nbsp;<\/em>erfolgt,&nbsp;<strong>vergessen Sie bitte nicht, Ihr Geburtsdatum im Referenzfeld anzugeben<\/strong>.Wenn Sie online mit dem Spendenformular spenden,&nbsp;<strong>vergessen Sie bitte nicht, Ihr Geburtsdatum in das entsprechende Feld einzutragen.<\/strong><\/p>\n","protected":false},"excerpt":{"rendered":"<p>Ab sofort sind die Spenden f\u00fcr unsere HandiCATs &nbsp;auch in \u00d6sterreich &#8211; und nicht nur in allen anderen Europ\u00e4ischen L\u00e4ndern &#8211; von der Steuer absetzbar.&nbsp;Die Spenden sind sowohl f\u00fcr Privatpersonen als auch Unternehmen steuerlich absetzbar. Unsere Registrierungsnummer beim Bundesministerium f\u00fcr Finanzen lautet &#8222;NT26317&#8220;.&nbsp;Die aufrechte Spendenabsetzbarkeit kann auch hier in der Liste der beg\u00fcnstigten Einrichtungen nachgepr\u00fcft [&hellip;]<\/p>\n","protected":false},"author":1,"featured_media":0,"parent":0,"menu_order":0,"comment_status":"closed","ping_status":"closed","template":"","meta":{"site-sidebar-layout":"default","site-content-layout":"","ast-site-content-layout":"default","site-content-style":"default","site-sidebar-style":"default","ast-global-header-display":"","ast-banner-title-visibility":"","ast-main-header-display":"","ast-hfb-above-header-display":"","ast-hfb-below-header-display":"","ast-hfb-mobile-header-display":"","site-post-title":"","ast-breadcrumbs-content":"","ast-featured-img":"","footer-sml-layout":"","ast-disable-related-posts":"","theme-transparent-header-meta":"","adv-header-id-meta":"235","stick-header-meta":"","header-above-stick-meta":"","header-main-stick-meta":"","header-below-stick-meta":"","astra-migrate-meta-layouts":"set","ast-page-background-enabled":"default","ast-page-background-meta":{"desktop":{"background-color":"","background-image":"","background-repeat":"repeat","background-position":"center center","background-size":"auto","background-attachment":"scroll","background-type":"","background-media":"","overlay-type":"","overlay-color":"","overlay-opacity":"","overlay-gradient":""},"tablet":{"background-color":"","background-image":"","background-repeat":"repeat","background-position":"center center","background-size":"auto","background-attachment":"scroll","background-type":"","background-media":"","overlay-type":"","overlay-color":"","overlay-opacity":"","overlay-gradient":""},"mobile":{"background-color":"","background-image":"","background-repeat":"repeat","background-position":"center center","background-size":"auto","background-attachment":"scroll","background-type":"","background-media":"","overlay-type":"","overlay-color":"","overlay-opacity":"","overlay-gradient":""}},"ast-content-background-meta":{"desktop":{"background-color":"var(--ast-global-color-5)","background-image":"","background-repeat":"repeat","background-position":"center center","background-size":"auto","background-attachment":"scroll","background-type":"","background-media":"","overlay-type":"","overlay-color":"","overlay-opacity":"","overlay-gradient":""},"tablet":{"background-color":"var(--ast-global-color-5)","background-image":"","background-repeat":"repeat","background-position":"center center","background-size":"auto","background-attachment":"scroll","background-type":"","background-media":"","overlay-type":"","overlay-color":"","overlay-opacity":"","overlay-gradient":""},"mobile":{"background-color":"var(--ast-global-color-5)","background-image":"","background-repeat":"repeat","background-position":"center center","background-size":"auto","background-attachment":"scroll","background-type":"","background-media":"","overlay-type":"","overlay-color":"","overlay-opacity":"","overlay-gradient":""}},"ngg_post_thumbnail":0,"footnotes":"","tve_updated_post":"<div class=\"thrv_wrapper tve_image_caption\" data-css=\"tve-u-194b717746e\" style=\"\"><span class=\"tve_image_frame\"><img class=\"tve_image wp-image-4736 tcb-moved-image\" alt=\"\" data-id=\"4736\" width=\"162\" data-init-width=\"272\" height=\"110\" data-init-height=\"185\" title=\"Spende-Absetzbar-rot\" loading=\"lazy\" src=\"https:\/\/www.katzenhoffnung.at\/kaho\/wp-content\/uploads\/Spende-Absetzbar-rot.png\" data-width=\"162\" data-height=\"110\" data-css=\"tve-u-194b7179a66\" style=\"aspect-ratio: auto 272 \/ 185;\"><\/span><\/div><div class=\"thrv_wrapper thrv_text_element\">\t<p>Ab sofort sind die Spenden f\u00fcr unsere HandiCATs &nbsp;auch in \u00d6sterreich - und nicht nur in allen anderen Europ\u00e4ischen L\u00e4ndern - von der Steuer absetzbar.&nbsp;<br>Die Spenden sind sowohl f\u00fcr Privatpersonen als auch Unternehmen steuerlich absetzbar. <br><br>Unsere Registrierungsnummer beim Bundesministerium f\u00fcr Finanzen lautet \"NT26317\".&nbsp;<br>Die aufrechte Spendenabsetzbarkeit kann auch hier in der Liste der beg\u00fcnstigten Einrichtungen nachgepr\u00fcft werden:&nbsp;<br><a href=\"https:\/\/service.bmf.gv.at\/service\/allg\/spenden\/show_mast.asp\" target=\"_blank\" class=\"\" style=\"outline: currentcolor;\">Zum BMF (Liste beg\u00fcnstiger Einrichtungen)<\/a><a class=\"\" href=\"http:\/\/ https:\/\/service.bmf.gv.at\/service\/allg\/spenden\/show_mast.asp&nbsp;\" style=\"outline: currentcolor;\" target=\"_blank\"> <\/a><\/p><p>Um die entsprechenden Spenden am Ende des Jahres an das Finanzministerium melden zu k\u00f6nnen, ben\u00f6tigen wir von&nbsp;<strong>\u00f6sterreichischen privaten Spendern<\/strong>:<\/p><p>\u2013 Vorname<br>\u2013 Nachname<br><strong>\u2013 Geburtsdatum<\/strong><\/p><p>Diese Daten werden von uns&nbsp;an das Finanzministerium \u00fcbermittelt, damit sind von Ihnen keine weiteren Eingaben an das&nbsp; Finanzministerium mehr n\u00f6tig. Die Gutschrift wird im Zuge des Jahresausgleichs vorgenommen.<\/p><p>Wenn Ihre Spende durch \u00dcberweisung von Ihrem Konto auf das Konto von<em>&nbsp;\"Paradies f\u00fcr HandiCATs Katzenhoffnung\"&nbsp;<\/em>erfolgt,&nbsp;<strong>vergessen Sie bitte nicht, Ihr Geburtsdatum im Referenzfeld anzugeben<\/strong>.<br>Wenn Sie online mit dem Spendenformular spenden,&nbsp;<strong>vergessen Sie bitte nicht, Ihr Geburtsdatum in das entsprechende Feld einzutragen.<\/strong><\/p><\/div><div class=\"thrv_wrapper thrv-button thrv-button-v2 tcb-local-vars-root\" data-css=\"tve-u-194b714cdc9\">\n\t<div class=\"thrive-colors-palette-config\" style=\"display: none !important\">__CONFIG_colors_palette__{\"active_palette\":0,\"config\":{\"colors\":{\"62516\":{\"name\":\"Main Accent\",\"parent\":-1}},\"gradients\":[]},\"palettes\":[{\"name\":\"Default Palette\",\"value\":{\"colors\":{\"62516\":{\"val\":\"rgb(19, 114, 211)\",\"hsl\":{\"h\":210,\"s\":0.83,\"l\":0.45}}},\"gradients\":[]}}]}__CONFIG_colors_palette__<\/div>\n\t<a href=\"https:\/\/www.katzenhoffnung.at\/kaho\/online-spende\/\" class=\"tcb-button-link tcb-plain-text\" target=\"_blank\" style=\"\">\n\t\t<span class=\"tcb-button-texts\"><span class=\"tcb-button-text thrv-inline-text\"><strong>Jetzt SPENDEN<\/strong><\/span><\/span>\n\t<\/a>\n<\/div>","tve_custom_css":"@media (min-width: 300px){[data-css=\"tve-u-194b714cdc9\"] .tcb-button-link { letter-spacing: 2px; border-radius: 5px; padding-top: 18px; padding-bottom: 18px; background-color: transparent !important; background-image: linear-gradient(rgb(46, 118, 70), rgb(46, 118, 70)) !important; --tve-applied-background-image: linear-gradient(rgb(46,118,70),rgb(46,118,70)) !important; background-size: auto !important; background-attachment: scroll !important; padding-right: 30px !important; padding-left: 30px !important; background-position: 50% 50% !important; background-repeat: no-repeat !important; --background-image: linear-gradient(rgb(46,118,70),rgb(46,118,70)) !important; --background-size: auto !important; --background-position: 50% 50% !important; --background-attachment: scroll !important; --background-repeat: no-repeat !important; }[data-css=\"tve-u-194b714cdc9\"] .tcb-button-link span { color: rgb(255, 255, 255); --tcb-applied-color: #fff; }[data-css=\"tve-u-194b717746e\"] { width: 162px; --tve-alignment: center; float: none; margin-left: auto !important; margin-right: auto !important; }}","tve_user_custom_css":"","tve_globals":{"e":"1","font_cls":[]},"tcb2_ready":1,"tcb_editor_enabled":1,"tve_landing_page":"","_tve_header":"","_tve_footer":""},"class_list":["post-4749","page","type-page","status-publish","hentry"],"yoast_head":"<!-- This site is optimized with the Yoast SEO plugin v27.5 - https:\/\/yoast.com\/product\/yoast-seo-wordpress\/ -->\n<title>Spendenabsetzbarkeit - Paradies f\u00fcr HandiCATs Katzenhoffnung<\/title>\n<meta name=\"description\" content=\"Paradies f\u00fcr HandiCATs - behinderte Katzen - Katzenhoffnung Steiermark in Mooskirchen - Graz-Umgebung - Voitsberg\" \/>\n<meta name=\"robots\" content=\"index, follow, max-snippet:-1, max-image-preview:large, max-video-preview:-1\" \/>\n<link rel=\"canonical\" href=\"https:\/\/www.katzenhoffnung.at\/kaho\/helfen\/spendenabsetzbarkeit\/\" \/>\n<meta property=\"og:locale\" content=\"de_DE\" \/>\n<meta property=\"og:type\" content=\"article\" \/>\n<meta property=\"og:title\" content=\"Spendenabsetzbarkeit - Paradies f\u00fcr HandiCATs Katzenhoffnung\" \/>\n<meta property=\"og:description\" content=\"Paradies f\u00fcr HandiCATs - behinderte Katzen - Katzenhoffnung Steiermark in Mooskirchen - Graz-Umgebung - Voitsberg\" \/>\n<meta property=\"og:url\" content=\"https:\/\/www.katzenhoffnung.at\/kaho\/helfen\/spendenabsetzbarkeit\/\" \/>\n<meta property=\"og:site_name\" content=\"Paradies f\u00fcr HandiCATs Katzenhoffnung\" \/>\n<meta property=\"article:publisher\" content=\"https:\/\/www.facebook.com\/katzenhoffnung\" \/>\n<meta property=\"article:modified_time\" content=\"2025-10-13T03:21:02+00:00\" \/>\n<meta property=\"og:image\" content=\"https:\/\/www.katzenhoffnung.at\/kaho\/wp-content\/uploads\/Spende-Absetzbar-rot.png\" \/>\n<meta name=\"twitter:card\" content=\"summary_large_image\" \/>\n<meta name=\"twitter:label1\" content=\"Gesch\u00e4tzte Lesezeit\" \/>\n\t<meta name=\"twitter:data1\" content=\"2\u00a0Minuten\" \/>\n<script type=\"application\/ld+json\" class=\"yoast-schema-graph\">{\"@context\":\"https:\\\/\\\/schema.org\",\"@graph\":[{\"@type\":\"WebPage\",\"@id\":\"https:\\\/\\\/www.katzenhoffnung.at\\\/kaho\\\/helfen\\\/spendenabsetzbarkeit\\\/\",\"url\":\"https:\\\/\\\/www.katzenhoffnung.at\\\/kaho\\\/helfen\\\/spendenabsetzbarkeit\\\/\",\"name\":\"Spendenabsetzbarkeit - Paradies f\u00fcr HandiCATs Katzenhoffnung\",\"isPartOf\":{\"@id\":\"https:\\\/\\\/www.katzenhoffnung.at\\\/kaho\\\/#website\"},\"primaryImageOfPage\":{\"@id\":\"https:\\\/\\\/www.katzenhoffnung.at\\\/kaho\\\/helfen\\\/spendenabsetzbarkeit\\\/#primaryimage\"},\"image\":{\"@id\":\"https:\\\/\\\/www.katzenhoffnung.at\\\/kaho\\\/helfen\\\/spendenabsetzbarkeit\\\/#primaryimage\"},\"thumbnailUrl\":\"https:\\\/\\\/www.katzenhoffnung.at\\\/kaho\\\/wp-content\\\/uploads\\\/Spende-Absetzbar-rot.png\",\"datePublished\":\"2025-01-30T12:01:40+00:00\",\"dateModified\":\"2025-10-13T03:21:02+00:00\",\"description\":\"Paradies f\u00fcr HandiCATs - behinderte Katzen - Katzenhoffnung Steiermark in Mooskirchen - Graz-Umgebung - Voitsberg\",\"breadcrumb\":{\"@id\":\"https:\\\/\\\/www.katzenhoffnung.at\\\/kaho\\\/helfen\\\/spendenabsetzbarkeit\\\/#breadcrumb\"},\"inLanguage\":\"de\",\"potentialAction\":[{\"@type\":\"ReadAction\",\"target\":[\"https:\\\/\\\/www.katzenhoffnung.at\\\/kaho\\\/helfen\\\/spendenabsetzbarkeit\\\/\"]}]},{\"@type\":\"ImageObject\",\"inLanguage\":\"de\",\"@id\":\"https:\\\/\\\/www.katzenhoffnung.at\\\/kaho\\\/helfen\\\/spendenabsetzbarkeit\\\/#primaryimage\",\"url\":\"https:\\\/\\\/www.katzenhoffnung.at\\\/kaho\\\/wp-content\\\/uploads\\\/Spende-Absetzbar-rot.png\",\"contentUrl\":\"https:\\\/\\\/www.katzenhoffnung.at\\\/kaho\\\/wp-content\\\/uploads\\\/Spende-Absetzbar-rot.png\",\"width\":272,\"height\":185},{\"@type\":\"BreadcrumbList\",\"@id\":\"https:\\\/\\\/www.katzenhoffnung.at\\\/kaho\\\/helfen\\\/spendenabsetzbarkeit\\\/#breadcrumb\",\"itemListElement\":[{\"@type\":\"ListItem\",\"position\":1,\"name\":\"Startseite\",\"item\":\"https:\\\/\\\/www.katzenhoffnung.at\\\/kaho\\\/\"},{\"@type\":\"ListItem\",\"position\":2,\"name\":\"Spendenabsetzbarkeit\"}]},{\"@type\":\"WebSite\",\"@id\":\"https:\\\/\\\/www.katzenhoffnung.at\\\/kaho\\\/#website\",\"url\":\"https:\\\/\\\/www.katzenhoffnung.at\\\/kaho\\\/\",\"name\":\"Paradies f\u00fcr HandiCATs Katzenhoffnung Steiermark\",\"description\":\"Behinderte Katzen - HandiCATs - SpecialCareCATs\",\"publisher\":{\"@id\":\"https:\\\/\\\/www.katzenhoffnung.at\\\/kaho\\\/#organization\"},\"alternateName\":\"HandiCATs Mooskirchen\",\"potentialAction\":[{\"@type\":\"SearchAction\",\"target\":{\"@type\":\"EntryPoint\",\"urlTemplate\":\"https:\\\/\\\/www.katzenhoffnung.at\\\/kaho\\\/?s={search_term_string}\"},\"query-input\":{\"@type\":\"PropertyValueSpecification\",\"valueRequired\":true,\"valueName\":\"search_term_string\"}}],\"inLanguage\":\"de\"},{\"@type\":\"Organization\",\"@id\":\"https:\\\/\\\/www.katzenhoffnung.at\\\/kaho\\\/#organization\",\"name\":\"Paradies f\u00fcr HandiCATs Katzenhoffnung Steiermark\",\"alternateName\":\"behinderte Katzen - HandiCat\",\"url\":\"https:\\\/\\\/www.katzenhoffnung.at\\\/kaho\\\/\",\"logo\":{\"@type\":\"ImageObject\",\"inLanguage\":\"de\",\"@id\":\"https:\\\/\\\/www.katzenhoffnung.at\\\/kaho\\\/#\\\/schema\\\/logo\\\/image\\\/\",\"url\":\"https:\\\/\\\/www.katzenhoffnung.at\\\/kaho\\\/wp-content\\\/uploads\\\/cropped-kaho-stmk_v3-300x140-1.png\",\"contentUrl\":\"https:\\\/\\\/www.katzenhoffnung.at\\\/kaho\\\/wp-content\\\/uploads\\\/cropped-kaho-stmk_v3-300x140-1.png\",\"width\":265,\"height\":110,\"caption\":\"Paradies f\u00fcr HandiCATs Katzenhoffnung Steiermark\"},\"image\":{\"@id\":\"https:\\\/\\\/www.katzenhoffnung.at\\\/kaho\\\/#\\\/schema\\\/logo\\\/image\\\/\"},\"sameAs\":[\"https:\\\/\\\/www.facebook.com\\\/katzenhoffnung\",\"https:\\\/\\\/www.tiktok.com\\\/@handicats\",\"https:\\\/\\\/www.instagram.com\\\/paradise_for_handicats\\\/\"]}]}<\/script>\n<!-- \/ Yoast SEO plugin. -->","yoast_head_json":{"title":"Spendenabsetzbarkeit - Paradies f\u00fcr HandiCATs Katzenhoffnung","description":"Paradies f\u00fcr HandiCATs - behinderte Katzen - Katzenhoffnung Steiermark in Mooskirchen - Graz-Umgebung - Voitsberg","robots":{"index":"index","follow":"follow","max-snippet":"max-snippet:-1","max-image-preview":"max-image-preview:large","max-video-preview":"max-video-preview:-1"},"canonical":"https:\/\/www.katzenhoffnung.at\/kaho\/helfen\/spendenabsetzbarkeit\/","og_locale":"de_DE","og_type":"article","og_title":"Spendenabsetzbarkeit - Paradies f\u00fcr HandiCATs Katzenhoffnung","og_description":"Paradies f\u00fcr HandiCATs - behinderte Katzen - Katzenhoffnung Steiermark in Mooskirchen - Graz-Umgebung - Voitsberg","og_url":"https:\/\/www.katzenhoffnung.at\/kaho\/helfen\/spendenabsetzbarkeit\/","og_site_name":"Paradies f\u00fcr HandiCATs Katzenhoffnung","article_publisher":"https:\/\/www.facebook.com\/katzenhoffnung","article_modified_time":"2025-10-13T03:21:02+00:00","og_image":[{"url":"https:\/\/www.katzenhoffnung.at\/kaho\/wp-content\/uploads\/Spende-Absetzbar-rot.png","type":"","width":"","height":""}],"twitter_card":"summary_large_image","twitter_misc":{"Gesch\u00e4tzte Lesezeit":"2\u00a0Minuten"},"schema":{"@context":"https:\/\/schema.org","@graph":[{"@type":"WebPage","@id":"https:\/\/www.katzenhoffnung.at\/kaho\/helfen\/spendenabsetzbarkeit\/","url":"https:\/\/www.katzenhoffnung.at\/kaho\/helfen\/spendenabsetzbarkeit\/","name":"Spendenabsetzbarkeit - Paradies f\u00fcr HandiCATs Katzenhoffnung","isPartOf":{"@id":"https:\/\/www.katzenhoffnung.at\/kaho\/#website"},"primaryImageOfPage":{"@id":"https:\/\/www.katzenhoffnung.at\/kaho\/helfen\/spendenabsetzbarkeit\/#primaryimage"},"image":{"@id":"https:\/\/www.katzenhoffnung.at\/kaho\/helfen\/spendenabsetzbarkeit\/#primaryimage"},"thumbnailUrl":"https:\/\/www.katzenhoffnung.at\/kaho\/wp-content\/uploads\/Spende-Absetzbar-rot.png","datePublished":"2025-01-30T12:01:40+00:00","dateModified":"2025-10-13T03:21:02+00:00","description":"Paradies f\u00fcr HandiCATs - behinderte Katzen - Katzenhoffnung Steiermark in Mooskirchen - Graz-Umgebung - Voitsberg","breadcrumb":{"@id":"https:\/\/www.katzenhoffnung.at\/kaho\/helfen\/spendenabsetzbarkeit\/#breadcrumb"},"inLanguage":"de","potentialAction":[{"@type":"ReadAction","target":["https:\/\/www.katzenhoffnung.at\/kaho\/helfen\/spendenabsetzbarkeit\/"]}]},{"@type":"ImageObject","inLanguage":"de","@id":"https:\/\/www.katzenhoffnung.at\/kaho\/helfen\/spendenabsetzbarkeit\/#primaryimage","url":"https:\/\/www.katzenhoffnung.at\/kaho\/wp-content\/uploads\/Spende-Absetzbar-rot.png","contentUrl":"https:\/\/www.katzenhoffnung.at\/kaho\/wp-content\/uploads\/Spende-Absetzbar-rot.png","width":272,"height":185},{"@type":"BreadcrumbList","@id":"https:\/\/www.katzenhoffnung.at\/kaho\/helfen\/spendenabsetzbarkeit\/#breadcrumb","itemListElement":[{"@type":"ListItem","position":1,"name":"Startseite","item":"https:\/\/www.katzenhoffnung.at\/kaho\/"},{"@type":"ListItem","position":2,"name":"Spendenabsetzbarkeit"}]},{"@type":"WebSite","@id":"https:\/\/www.katzenhoffnung.at\/kaho\/#website","url":"https:\/\/www.katzenhoffnung.at\/kaho\/","name":"Paradies f\u00fcr HandiCATs Katzenhoffnung Steiermark","description":"Behinderte Katzen - HandiCATs - SpecialCareCATs","publisher":{"@id":"https:\/\/www.katzenhoffnung.at\/kaho\/#organization"},"alternateName":"HandiCATs Mooskirchen","potentialAction":[{"@type":"SearchAction","target":{"@type":"EntryPoint","urlTemplate":"https:\/\/www.katzenhoffnung.at\/kaho\/?s={search_term_string}"},"query-input":{"@type":"PropertyValueSpecification","valueRequired":true,"valueName":"search_term_string"}}],"inLanguage":"de"},{"@type":"Organization","@id":"https:\/\/www.katzenhoffnung.at\/kaho\/#organization","name":"Paradies f\u00fcr HandiCATs Katzenhoffnung Steiermark","alternateName":"behinderte Katzen - HandiCat","url":"https:\/\/www.katzenhoffnung.at\/kaho\/","logo":{"@type":"ImageObject","inLanguage":"de","@id":"https:\/\/www.katzenhoffnung.at\/kaho\/#\/schema\/logo\/image\/","url":"https:\/\/www.katzenhoffnung.at\/kaho\/wp-content\/uploads\/cropped-kaho-stmk_v3-300x140-1.png","contentUrl":"https:\/\/www.katzenhoffnung.at\/kaho\/wp-content\/uploads\/cropped-kaho-stmk_v3-300x140-1.png","width":265,"height":110,"caption":"Paradies f\u00fcr HandiCATs Katzenhoffnung Steiermark"},"image":{"@id":"https:\/\/www.katzenhoffnung.at\/kaho\/#\/schema\/logo\/image\/"},"sameAs":["https:\/\/www.facebook.com\/katzenhoffnung","https:\/\/www.tiktok.com\/@handicats","https:\/\/www.instagram.com\/paradise_for_handicats\/"]}]}},"_links":{"self":[{"href":"https:\/\/www.katzenhoffnung.at\/kaho\/wp-json\/wp\/v2\/pages\/4749","targetHints":{"allow":["GET"]}}],"collection":[{"href":"https:\/\/www.katzenhoffnung.at\/kaho\/wp-json\/wp\/v2\/pages"}],"about":[{"href":"https:\/\/www.katzenhoffnung.at\/kaho\/wp-json\/wp\/v2\/types\/page"}],"author":[{"embeddable":true,"href":"https:\/\/www.katzenhoffnung.at\/kaho\/wp-json\/wp\/v2\/users\/1"}],"replies":[{"embeddable":true,"href":"https:\/\/www.katzenhoffnung.at\/kaho\/wp-json\/wp\/v2\/comments?post=4749"}],"version-history":[{"count":0,"href":"https:\/\/www.katzenhoffnung.at\/kaho\/wp-json\/wp\/v2\/pages\/4749\/revisions"}],"wp:attachment":[{"href":"https:\/\/www.katzenhoffnung.at\/kaho\/wp-json\/wp\/v2\/media?parent=4749"}],"curies":[{"name":"wp","href":"https:\/\/api.w.org\/{rel}","templated":true}]}}