{"id":37,"date":"2019-07-08T11:34:28","date_gmt":"2019-07-08T09:34:28","guid":{"rendered":"http:\/\/katzenhoffnung-stmk.sleipnira-potions.at.www301.your-server.de\/?page_id=37"},"modified":"2026-04-13T05:23:23","modified_gmt":"2026-04-13T03:23:23","slug":"patenschaften","status":"publish","type":"page","link":"https:\/\/www.katzenhoffnung.at\/kaho\/patenschaften\/","title":{"rendered":"Patenschaften"},"content":{"rendered":"<h3>Wir suchen Katzenliebhaber, die unsere HandiCATs mit einer Patenschaft unterst\u00fctzen.<\/h3>\n<p>Unter &#8222;<a href=\"https:\/\/www.katzenhoffnung.at\/kaho\/unsere-handicats\/\" target=\"_blank\">Unsere HandiCATs<\/a>&#8220; findest du viele unserer HandiCATs, die sich \u00fcber eine Patenschaft freuen w\u00fcrden. Falls du aber noch mehr von unseren Lieblingen sehen m\u00f6chtest, kannst du auch auf unserer Facebook oder Instagram-Seite vorbeischauen.<\/p>\n<p><a href=\"https:\/\/www.facebook.com\/katzenhoffnung\" target=\"_blank\"><\/a><a href=\"https:\/\/www.instagram.com\/paradise_for_handicats\/\" target=\"_blank\"><\/a><a href=\"https:\/\/www.facebook.com\/katzenhoffnung\" target=\"_blank\"><\/a><\/p>\n<p>Facebook &nbsp; &nbsp; &nbsp; &nbsp; &nbsp; &nbsp; &nbsp;Instagram<\/p>\n<p>Mit deiner Patenschaft erleichterst du uns die hohen Kosten f\u00fcr die tier\u00e4rztliche Versorgung, aufwendige Pflege, intensive Betreuung, Futter, Medizin und jegliches Weitere, das unsere Katzen im Alltag brauchen.&nbsp;<\/p>\n<p><span><img decoding=\"async\" alt=\"\" data-id=\"4736\" width=\"129\" data-init-width=\"272\" height=\"88\" data-init-height=\"185\" title=\"Spende-Absetzbar-rot\" loading=\"lazy\" src=\"https:\/\/www.katzenhoffnung.at\/kaho\/wp-content\/uploads\/Spende-Absetzbar-rot.png\" data-width=\"129\" data-height=\"88\" style=\"aspect-ratio: auto 272 \/ 185;\"><\/span><\/p>\n<p>In nur wenigen Schritten bist du&nbsp;<strong>offizieller Katzenpate im&nbsp;<\/strong><b>Paradies f\u00fcr HandiCATs Katzenhoffnung<\/b> und leistest dadurch nachhaltig einen wertvollen Beitrag zum Tierschutz. Die Patenschaft kannst du nat\u00fcrlich auch an einen Katzenfreund verschenken.&nbsp;<\/p>\n<p>DANKE im Namen der HandiCATs <img decoding=\"async\" role=\"img\" alt=\"\u2764\ufe0f\" src=\"https:\/\/s.w.org\/images\/core\/emoji\/16.0.1\/svg\/2764.svg\"><\/p>\n<p><strong><span style=\"text-decoration: underline;\">Zus\u00e4tzliche Infos:<\/span><\/strong>&nbsp;<\/p>\n<ul>\n<li>Die Patenschaft kann jederzeit gek\u00fcndigt werden.&nbsp;<\/li>\n<li>Bei Fragen\/Infos zu deiner Patenkatze kannst du jederzeit auf unserer Facebook- oder Instagram-Seite vorbeischauen (wir posten hier immer wieder unsere HandiCATs und Updates) oder bitten dich recht herzlich mit uns Kontakt aufzunehmen (per Mail oder via Facebook oder Instagram).<\/li>\n<li>Bei einer Patenschaft handelt es sich um eine &#8222;symbolische&#8220; Patenschaft: Mit deiner Patenschaft unterst\u00fctzt du die Versorgung aller unserer \u200bHandiCATs \u2013 z. B. Futter, Tierarztkosten und Pflege. Auch wenn du eine \u201ePatenkatze\u201c ausw\u00e4hlst, wird dein Beitrag dort eingesetzt, wo er gerade am dringendsten gebraucht wird.<\/li>\n<\/ul>\n<h2><strong>Patenschaftsformular <\/strong><\/h2>\n<p>Bitte aktiviere JavaScript in deinem Browser, um dieses Formular fertigzustellen.Meine gew\u00fcnschte Patenkatze (bitte ausw\u00e4hlen)  <span>*<\/span>F\u00fcr alle HandiCATsTeddyMiraChefin FriedaFelixMukkaDaisyNinoEmelieZoeErosAngelMeridaTechnoBlacky (m\u00e4nnlich)Blacky (weiblich)PocahontasDannyTheoGeistNalaGiaccomoGlitzerOggyFrieda 2AnuMia (BKH schwarz)MinnieFenix (Tante Finni)BepoDannyDanny2 (schwarz)MutluArielleMaxi (BabyBaby)GagaIngoRoxyPippinSiniMuffinKasimirGabyMinnyLouCalimeroT\u00f6rtchenKikiHannyRamboAlyssaKushElisaFabiCelinFrankieKenzoAudreyPurzelMia (dreibeinig)NanaMiloMinkaNicht angef\u00fchrte KatzeMonatliche Unterst\u00fctzung f\u00fcr meine Patenkatze (in EUR) <span>*<\/span>mittleres Hilfspaket &#8211; EUR 35,00kleines Hilfspaket &#8211; 20,00 &euro;mittleres Hilfspaket &#8211; 35,00 &euro;gro\u00dfes Hilfspaket &#8211; 50,00 &euro;frei w\u00e4hlbarer Betrag &#8211; 0,00 &euro;1) kleines Hilfspaket: Versorgung mit Futter2) mittleres Hilfspaket: Versorgung mit Futter + Feuchtt\u00fccher, Katzenstreu &amp; Inkontinenzauflagen3) gro\u00dfes Hilfspaket: Versorgung mit Futter, Feuchtt\u00fccher, Katzenstreu &amp; Inkontinenzauflagen + Medizinische Versorgung 4) Wer kein Hilfspaket \u00fcbernehmen m\u00f6chte, kann auch einen frei w\u00e4hlbaren Betrag festlegen. Monatliche Unterst\u00fctzung f\u00fcr meine Patenkatze (in EUR)  <span>*<\/span>Hier kannst du deinen frei w\u00e4hlbaren Betrag einsetzen. Danke! Mindestpreis: 10,00 &euro;monatliche Zahlungsmethode <span>*<\/span><\/p>\n<ul id=\"wpforms-1739-field_10\">\n<li>per \u00dcberweisung (Dauerauftrag)<\/li>\n<li>per Paypal<\/li>\n<\/ul>\n<p>Name <span>*<\/span>VornameNachnameGeburtsdatumAnschrift <span>*<\/span>Adresse Zeile 1StadtRegionPostleitzahl&#8212; W\u00e4hle country &#8212;AfghanistanAlbanienAlgerienAmerikanisch-SamoaAmerikanische JungferninselnAndorraAngolaAnguillaAntarktikaAntigua und BarbudaArgentinienArmenienArubaAserbaidschanAustralienBahamasBahrainBangladeschBarbadosBelarusBelgienBelizeBeninBermudaBhutanBolivien (Plurinationaler Staat)Bonaire, Sint Eustatius und SabaBosnien und HerzegowinaBotswanaBouvetinselBrasilienBritische JungferninselnBritisches Territorium im Indischen OzeanBrunei DarussalamBulgarienBurkina FasoBurundiCabo VerdeChileChinaCookinselnCosta RicaCura\u00e7aoDeutschlandDominicaDominikanische RepublikDschibutiD\u00e4nemarkEcuadorEl SalvadorElfenbeink\u00fcsteEritreaEstlandEswatini (K\u00f6nigreich)Falklandinseln (Malwinen)FidschiFinnlandFrankreichFranz\u00f6sisch-GuayanaFranz\u00f6sisch-PolynesienFranz\u00f6sische S\u00fcd- und AntarktisgebieteF\u00e4r\u00f6erGabunGambiaGeorgiaGhanaGibraltarGrenadaGriechenlandGr\u00f6nlandGuadeloupeGuamGuatemalaGuernseyGuineaGuinea-BissauGuyanaHaitiHeard und McDonaldinselnHondurasHongkongIndienIndonesienIrakIran (Islamische Republik)IrlandIslandIsle of ManIsraelItalienJamaikaJapanJemenJerseyJordanienKaimaninselnKambodschaKamerunKanadaKasachstanKatarKeniaKirgisistanKiribatiKokosinseln (Keelinginseln)KolumbienKomorenKongo (Demokratische Republik)Kongo (Republik)Korea (Demokratische Volksrepublik)Korea (Republik)KosovoKroatienKubaKuwaitLaos (Demokratische Volksrepublik)LesothoLettlandLibanonLiberiaLibyenLiechtensteinLitauenLuxemburgMacauMadagaskarMalawiMalaysiaMaledivenMaliMaltaMarokkoMarshallinselnMartiniqueMauretanienMauritiusMayotteMexikoMikronesienMoldau (Republik)MonacoMongoleiMontenegroMontserratMosambikMyanmarNamibiaNauruNepalNeukaledonienNeuseelandNicaraguaNiederlandeNigerNigeriaNiueNordmazedonien (Republik)NorfolkinselNorwegenN\u00f6rdliche MarianenOmanOsttimorPakistanPalauPal\u00e4stina (Staat)PanamaPapua-NeuguineaParaguayPeruPhilippinenPitcairninselnPolenPortugalPuerto RicoRuandaRum\u00e4nienRusslandR\u00e9unionSaint-Barth\u00e9lemySaint-Pierre und MiquelonSalomonenSambiaSamoaSan MarinoSaudi-ArabienSchwedenSchweizSenegalSerbienSeychellenSierra LeoneSimbabweSingapurSint MaartenSlowakeiSlowenienSomaliaSpanienSpitzbergen und Jan MayenSri LankaSt. Helena, Ascension und Tristan da CunhaSt. Kitts und NevisSt. LuciaSt. Martin (franz\u00f6sisch)St. Vincent und die GrenadinenSudanSurinamSyrien (Arabische Republik)S\u00e3o Tom\u00e9 und Pr\u00edncipeS\u00fcdafrikaS\u00fcdgeorgien und die S\u00fcdlichen SandwichinselnS\u00fcdsudanTadschikistanTaiwan, Republik ChinaTansania (Vereinigte Republik)ThailandTogoTokelauTongaTrinidad und TobagoTschadTschechienTunesienTurkmenistanTurks- und CaicosinselnTuvaluT\u00fcrkeiUSAUgandaUkraineUngarnUnited States Minor Outlying IslandsUruguayUsbekistanVanuatuVatikanstadt (Staat)Venezuela (Bolivarische Republik)Vereinigte Arabische EmirateVereinigtes K\u00f6nigreich von Gro\u00dfbritannien und NordirlandVietnamWallis und FutunaWeihnachtsinselWestsaharaZentralafrikanische RepublikZypern\u00c4gypten\u00c4quatorialguinea\u00c4thiopien\u00c5landinseln\u00d6sterreichLandEmail <span>*<\/span>Selbst Pate werden \/ Patenschaft verschenken <span>*<\/span><\/p>\n<ul id=\"wpforms-1739-field_14\">\n<li>Ich m\u00f6chte selbst Patenonkel oder Patentante werden<\/li>\n<li>Ich m\u00f6chte die Katzen-Patenschaft an jemand anderen verschenken*<\/li>\n<\/ul>\n<p>*Beschenkte PersonVornameNachnameDeine Nachricht an uns (optional):Datenschutz <span>*<\/span><\/p>\n<ul id=\"wpforms-1739-field_8\">\n<li>Hiermit best\u00e4tige ich die Datenschutzerkl\u00e4rung vom Paradies f\u00fcr HandiCATS Katzenhoffnung<\/li>\n<\/ul>\n<p>Datenschutzhinweis: Mit der freiwilligen Daten\u00fcbermittlung stimmen Sie zu, dass wir Ihre Daten f\u00fcr die Kontaktaufnahme, zur \u00dcbermittlung von Informationen \u00fcber unsere T\u00e4tigkeit und zur Spendenkommunikation verwenden d\u00fcrfen. Diese Zustimmung k\u00f6nnen Sie jederzeit widerrufen.<!-- .wpforms-field-container -->Abschicken<img loading=\"lazy\" decoding=\"async\" src=\"https:\/\/www.katzenhoffnung.at\/kaho\/wp-content\/plugins\/wpforms\/assets\/images\/submit-spin.svg\" style=\"display: none;\" width=\"26\" height=\"26\" alt=\"Wird geladen\">  <!-- .wpforms-container --><\/p>\n","protected":false},"excerpt":{"rendered":"<p>Wir suchen Katzenliebhaber, die unsere HandiCATs mit einer Patenschaft unterst\u00fctzen. Unter &#8222;Unsere HandiCATs&#8220; findest du viele unserer HandiCATs, die sich \u00fcber eine Patenschaft freuen w\u00fcrden. Falls du aber noch mehr von unseren Lieblingen sehen m\u00f6chtest, kannst du auch auf unserer Facebook oder Instagram-Seite vorbeischauen. Facebook &nbsp; &nbsp; &nbsp; &nbsp; &nbsp; &nbsp; &nbsp;Instagram Mit deiner Patenschaft [&hellip;]<\/p>\n","protected":false},"author":2,"featured_media":0,"parent":0,"menu_order":0,"comment_status":"closed","ping_status":"closed","template":"","meta":{"site-sidebar-layout":"default","site-content-layout":"","ast-site-content-layout":"default","site-content-style":"default","site-sidebar-style":"default","ast-global-header-display":"","ast-banner-title-visibility":"","ast-main-header-display":"","ast-hfb-above-header-display":"","ast-hfb-below-header-display":"","ast-hfb-mobile-header-display":"","site-post-title":"","ast-breadcrumbs-content":"","ast-featured-img":"","footer-sml-layout":"","ast-disable-related-posts":"","theme-transparent-header-meta":"","adv-header-id-meta":"","stick-header-meta":"","header-above-stick-meta":"","header-main-stick-meta":"","header-below-stick-meta":"","astra-migrate-meta-layouts":"default","ast-page-background-enabled":"default","ast-page-background-meta":{"desktop":{"background-color":"","background-image":"","background-repeat":"repeat","background-position":"center center","background-size":"auto","background-attachment":"scroll","background-type":"","background-media":"","overlay-type":"","overlay-color":"","overlay-opacity":"","overlay-gradient":""},"tablet":{"background-color":"","background-image":"","background-repeat":"repeat","background-position":"center center","background-size":"auto","background-attachment":"scroll","background-type":"","background-media":"","overlay-type":"","overlay-color":"","overlay-opacity":"","overlay-gradient":""},"mobile":{"background-color":"","background-image":"","background-repeat":"repeat","background-position":"center center","background-size":"auto","background-attachment":"scroll","background-type":"","background-media":"","overlay-type":"","overlay-color":"","overlay-opacity":"","overlay-gradient":""}},"ast-content-background-meta":{"desktop":{"background-color":"var(--ast-global-color-5)","background-image":"","background-repeat":"repeat","background-position":"center center","background-size":"auto","background-attachment":"scroll","background-type":"","background-media":"","overlay-type":"","overlay-color":"","overlay-opacity":"","overlay-gradient":""},"tablet":{"background-color":"var(--ast-global-color-5)","background-image":"","background-repeat":"repeat","background-position":"center center","background-size":"auto","background-attachment":"scroll","background-type":"","background-media":"","overlay-type":"","overlay-color":"","overlay-opacity":"","overlay-gradient":""},"mobile":{"background-color":"var(--ast-global-color-5)","background-image":"","background-repeat":"repeat","background-position":"center center","background-size":"auto","background-attachment":"scroll","background-type":"","background-media":"","overlay-type":"","overlay-color":"","overlay-opacity":"","overlay-gradient":""}},"ngg_post_thumbnail":0,"footnotes":""},"class_list":["post-37","page","type-page","status-publish","hentry"],"yoast_head":"<!-- This site is optimized with the Yoast SEO plugin v27.4 - https:\/\/yoast.com\/product\/yoast-seo-wordpress\/ -->\n<title>Patenschaften - Paradies f\u00fcr HandiCATs Katzenhoffnung<\/title>\n<meta name=\"description\" content=\"Paradies f\u00fcr HandiCATs - behinderte Katzen - Katzenhoffnung Steiermark in Mooskirchen - Graz-Umgebung - Voitsberg\" \/>\n<meta name=\"robots\" content=\"index, follow, max-snippet:-1, max-image-preview:large, max-video-preview:-1\" \/>\n<link rel=\"canonical\" href=\"https:\/\/www.katzenhoffnung.at\/kaho\/patenschaften\/\" \/>\n<meta property=\"og:locale\" content=\"de_DE\" \/>\n<meta property=\"og:type\" content=\"article\" \/>\n<meta property=\"og:title\" content=\"Patenschaften - Paradies f\u00fcr HandiCATs Katzenhoffnung\" \/>\n<meta property=\"og:description\" content=\"Paradies f\u00fcr HandiCATs - behinderte Katzen - Katzenhoffnung Steiermark in Mooskirchen - Graz-Umgebung - Voitsberg\" \/>\n<meta property=\"og:url\" content=\"https:\/\/www.katzenhoffnung.at\/kaho\/patenschaften\/\" \/>\n<meta property=\"og:site_name\" content=\"Paradies f\u00fcr HandiCATs Katzenhoffnung\" \/>\n<meta property=\"article:publisher\" content=\"https:\/\/www.facebook.com\/katzenhoffnung\" \/>\n<meta property=\"article:modified_time\" content=\"2026-04-13T03:23:23+00:00\" \/>\n<meta property=\"og:image\" content=\"https:\/\/www.katzenhoffnung.at\/kaho\/wp-content\/uploads\/Spende-Absetzbar-rot.png\" \/>\n<meta name=\"twitter:card\" content=\"summary_large_image\" \/>\n<meta name=\"twitter:label1\" content=\"Gesch\u00e4tzte Lesezeit\" \/>\n\t<meta name=\"twitter:data1\" content=\"3\u00a0Minuten\" \/>\n<script type=\"application\/ld+json\" class=\"yoast-schema-graph\">{\"@context\":\"https:\\\/\\\/schema.org\",\"@graph\":[{\"@type\":\"WebPage\",\"@id\":\"https:\\\/\\\/www.katzenhoffnung.at\\\/kaho\\\/patenschaften\\\/\",\"url\":\"https:\\\/\\\/www.katzenhoffnung.at\\\/kaho\\\/patenschaften\\\/\",\"name\":\"Patenschaften - Paradies f\u00fcr HandiCATs Katzenhoffnung\",\"isPartOf\":{\"@id\":\"https:\\\/\\\/www.katzenhoffnung.at\\\/kaho\\\/#website\"},\"primaryImageOfPage\":{\"@id\":\"https:\\\/\\\/www.katzenhoffnung.at\\\/kaho\\\/patenschaften\\\/#primaryimage\"},\"image\":{\"@id\":\"https:\\\/\\\/www.katzenhoffnung.at\\\/kaho\\\/patenschaften\\\/#primaryimage\"},\"thumbnailUrl\":\"https:\\\/\\\/www.katzenhoffnung.at\\\/kaho\\\/wp-content\\\/uploads\\\/Spende-Absetzbar-rot.png\",\"datePublished\":\"2019-07-08T09:34:28+00:00\",\"dateModified\":\"2026-04-13T03:23:23+00:00\",\"description\":\"Paradies f\u00fcr HandiCATs - behinderte Katzen - Katzenhoffnung Steiermark in Mooskirchen - Graz-Umgebung - Voitsberg\",\"breadcrumb\":{\"@id\":\"https:\\\/\\\/www.katzenhoffnung.at\\\/kaho\\\/patenschaften\\\/#breadcrumb\"},\"inLanguage\":\"de\",\"potentialAction\":[{\"@type\":\"ReadAction\",\"target\":[\"https:\\\/\\\/www.katzenhoffnung.at\\\/kaho\\\/patenschaften\\\/\"]}]},{\"@type\":\"ImageObject\",\"inLanguage\":\"de\",\"@id\":\"https:\\\/\\\/www.katzenhoffnung.at\\\/kaho\\\/patenschaften\\\/#primaryimage\",\"url\":\"https:\\\/\\\/www.katzenhoffnung.at\\\/kaho\\\/wp-content\\\/uploads\\\/Spende-Absetzbar-rot.png\",\"contentUrl\":\"https:\\\/\\\/www.katzenhoffnung.at\\\/kaho\\\/wp-content\\\/uploads\\\/Spende-Absetzbar-rot.png\",\"width\":272,\"height\":185},{\"@type\":\"BreadcrumbList\",\"@id\":\"https:\\\/\\\/www.katzenhoffnung.at\\\/kaho\\\/patenschaften\\\/#breadcrumb\",\"itemListElement\":[{\"@type\":\"ListItem\",\"position\":1,\"name\":\"Startseite\",\"item\":\"https:\\\/\\\/www.katzenhoffnung.at\\\/kaho\\\/\"},{\"@type\":\"ListItem\",\"position\":2,\"name\":\"Patenschaften\"}]},{\"@type\":\"WebSite\",\"@id\":\"https:\\\/\\\/www.katzenhoffnung.at\\\/kaho\\\/#website\",\"url\":\"https:\\\/\\\/www.katzenhoffnung.at\\\/kaho\\\/\",\"name\":\"Paradies f\u00fcr HandiCATs Katzenhoffnung Steiermark\",\"description\":\"Behinderte Katzen - HandiCATs - SpecialCareCATs\",\"publisher\":{\"@id\":\"https:\\\/\\\/www.katzenhoffnung.at\\\/kaho\\\/#organization\"},\"alternateName\":\"HandiCATs Mooskirchen\",\"potentialAction\":[{\"@type\":\"SearchAction\",\"target\":{\"@type\":\"EntryPoint\",\"urlTemplate\":\"https:\\\/\\\/www.katzenhoffnung.at\\\/kaho\\\/?s={search_term_string}\"},\"query-input\":{\"@type\":\"PropertyValueSpecification\",\"valueRequired\":true,\"valueName\":\"search_term_string\"}}],\"inLanguage\":\"de\"},{\"@type\":\"Organization\",\"@id\":\"https:\\\/\\\/www.katzenhoffnung.at\\\/kaho\\\/#organization\",\"name\":\"Paradies f\u00fcr HandiCATs Katzenhoffnung Steiermark\",\"alternateName\":\"behinderte Katzen - HandiCat\",\"url\":\"https:\\\/\\\/www.katzenhoffnung.at\\\/kaho\\\/\",\"logo\":{\"@type\":\"ImageObject\",\"inLanguage\":\"de\",\"@id\":\"https:\\\/\\\/www.katzenhoffnung.at\\\/kaho\\\/#\\\/schema\\\/logo\\\/image\\\/\",\"url\":\"https:\\\/\\\/www.katzenhoffnung.at\\\/kaho\\\/wp-content\\\/uploads\\\/cropped-kaho-stmk_v3-300x140-1.png\",\"contentUrl\":\"https:\\\/\\\/www.katzenhoffnung.at\\\/kaho\\\/wp-content\\\/uploads\\\/cropped-kaho-stmk_v3-300x140-1.png\",\"width\":265,\"height\":110,\"caption\":\"Paradies f\u00fcr HandiCATs Katzenhoffnung Steiermark\"},\"image\":{\"@id\":\"https:\\\/\\\/www.katzenhoffnung.at\\\/kaho\\\/#\\\/schema\\\/logo\\\/image\\\/\"},\"sameAs\":[\"https:\\\/\\\/www.facebook.com\\\/katzenhoffnung\",\"https:\\\/\\\/www.tiktok.com\\\/@handicats\",\"https:\\\/\\\/www.instagram.com\\\/paradise_for_handicats\\\/\"]}]}<\/script>\n<!-- \/ Yoast SEO plugin. -->","yoast_head_json":{"title":"Patenschaften - Paradies f\u00fcr HandiCATs Katzenhoffnung","description":"Paradies f\u00fcr HandiCATs - behinderte Katzen - Katzenhoffnung Steiermark in Mooskirchen - Graz-Umgebung - Voitsberg","robots":{"index":"index","follow":"follow","max-snippet":"max-snippet:-1","max-image-preview":"max-image-preview:large","max-video-preview":"max-video-preview:-1"},"canonical":"https:\/\/www.katzenhoffnung.at\/kaho\/patenschaften\/","og_locale":"de_DE","og_type":"article","og_title":"Patenschaften - Paradies f\u00fcr HandiCATs Katzenhoffnung","og_description":"Paradies f\u00fcr HandiCATs - behinderte Katzen - Katzenhoffnung Steiermark in Mooskirchen - Graz-Umgebung - Voitsberg","og_url":"https:\/\/www.katzenhoffnung.at\/kaho\/patenschaften\/","og_site_name":"Paradies f\u00fcr HandiCATs Katzenhoffnung","article_publisher":"https:\/\/www.facebook.com\/katzenhoffnung","article_modified_time":"2026-04-13T03:23:23+00:00","og_image":[{"url":"https:\/\/www.katzenhoffnung.at\/kaho\/wp-content\/uploads\/Spende-Absetzbar-rot.png","type":"","width":"","height":""}],"twitter_card":"summary_large_image","twitter_misc":{"Gesch\u00e4tzte Lesezeit":"3\u00a0Minuten"},"schema":{"@context":"https:\/\/schema.org","@graph":[{"@type":"WebPage","@id":"https:\/\/www.katzenhoffnung.at\/kaho\/patenschaften\/","url":"https:\/\/www.katzenhoffnung.at\/kaho\/patenschaften\/","name":"Patenschaften - Paradies f\u00fcr HandiCATs Katzenhoffnung","isPartOf":{"@id":"https:\/\/www.katzenhoffnung.at\/kaho\/#website"},"primaryImageOfPage":{"@id":"https:\/\/www.katzenhoffnung.at\/kaho\/patenschaften\/#primaryimage"},"image":{"@id":"https:\/\/www.katzenhoffnung.at\/kaho\/patenschaften\/#primaryimage"},"thumbnailUrl":"https:\/\/www.katzenhoffnung.at\/kaho\/wp-content\/uploads\/Spende-Absetzbar-rot.png","datePublished":"2019-07-08T09:34:28+00:00","dateModified":"2026-04-13T03:23:23+00:00","description":"Paradies f\u00fcr HandiCATs - behinderte Katzen - Katzenhoffnung Steiermark in Mooskirchen - Graz-Umgebung - Voitsberg","breadcrumb":{"@id":"https:\/\/www.katzenhoffnung.at\/kaho\/patenschaften\/#breadcrumb"},"inLanguage":"de","potentialAction":[{"@type":"ReadAction","target":["https:\/\/www.katzenhoffnung.at\/kaho\/patenschaften\/"]}]},{"@type":"ImageObject","inLanguage":"de","@id":"https:\/\/www.katzenhoffnung.at\/kaho\/patenschaften\/#primaryimage","url":"https:\/\/www.katzenhoffnung.at\/kaho\/wp-content\/uploads\/Spende-Absetzbar-rot.png","contentUrl":"https:\/\/www.katzenhoffnung.at\/kaho\/wp-content\/uploads\/Spende-Absetzbar-rot.png","width":272,"height":185},{"@type":"BreadcrumbList","@id":"https:\/\/www.katzenhoffnung.at\/kaho\/patenschaften\/#breadcrumb","itemListElement":[{"@type":"ListItem","position":1,"name":"Startseite","item":"https:\/\/www.katzenhoffnung.at\/kaho\/"},{"@type":"ListItem","position":2,"name":"Patenschaften"}]},{"@type":"WebSite","@id":"https:\/\/www.katzenhoffnung.at\/kaho\/#website","url":"https:\/\/www.katzenhoffnung.at\/kaho\/","name":"Paradies f\u00fcr HandiCATs Katzenhoffnung Steiermark","description":"Behinderte Katzen - HandiCATs - SpecialCareCATs","publisher":{"@id":"https:\/\/www.katzenhoffnung.at\/kaho\/#organization"},"alternateName":"HandiCATs Mooskirchen","potentialAction":[{"@type":"SearchAction","target":{"@type":"EntryPoint","urlTemplate":"https:\/\/www.katzenhoffnung.at\/kaho\/?s={search_term_string}"},"query-input":{"@type":"PropertyValueSpecification","valueRequired":true,"valueName":"search_term_string"}}],"inLanguage":"de"},{"@type":"Organization","@id":"https:\/\/www.katzenhoffnung.at\/kaho\/#organization","name":"Paradies f\u00fcr HandiCATs Katzenhoffnung Steiermark","alternateName":"behinderte Katzen - HandiCat","url":"https:\/\/www.katzenhoffnung.at\/kaho\/","logo":{"@type":"ImageObject","inLanguage":"de","@id":"https:\/\/www.katzenhoffnung.at\/kaho\/#\/schema\/logo\/image\/","url":"https:\/\/www.katzenhoffnung.at\/kaho\/wp-content\/uploads\/cropped-kaho-stmk_v3-300x140-1.png","contentUrl":"https:\/\/www.katzenhoffnung.at\/kaho\/wp-content\/uploads\/cropped-kaho-stmk_v3-300x140-1.png","width":265,"height":110,"caption":"Paradies f\u00fcr HandiCATs Katzenhoffnung Steiermark"},"image":{"@id":"https:\/\/www.katzenhoffnung.at\/kaho\/#\/schema\/logo\/image\/"},"sameAs":["https:\/\/www.facebook.com\/katzenhoffnung","https:\/\/www.tiktok.com\/@handicats","https:\/\/www.instagram.com\/paradise_for_handicats\/"]}]}},"_links":{"self":[{"href":"https:\/\/www.katzenhoffnung.at\/kaho\/wp-json\/wp\/v2\/pages\/37","targetHints":{"allow":["GET"]}}],"collection":[{"href":"https:\/\/www.katzenhoffnung.at\/kaho\/wp-json\/wp\/v2\/pages"}],"about":[{"href":"https:\/\/www.katzenhoffnung.at\/kaho\/wp-json\/wp\/v2\/types\/page"}],"author":[{"embeddable":true,"href":"https:\/\/www.katzenhoffnung.at\/kaho\/wp-json\/wp\/v2\/users\/2"}],"replies":[{"embeddable":true,"href":"https:\/\/www.katzenhoffnung.at\/kaho\/wp-json\/wp\/v2\/comments?post=37"}],"version-history":[{"count":3,"href":"https:\/\/www.katzenhoffnung.at\/kaho\/wp-json\/wp\/v2\/pages\/37\/revisions"}],"predecessor-version":[{"id":6038,"href":"https:\/\/www.katzenhoffnung.at\/kaho\/wp-json\/wp\/v2\/pages\/37\/revisions\/6038"}],"wp:attachment":[{"href":"https:\/\/www.katzenhoffnung.at\/kaho\/wp-json\/wp\/v2\/media?parent=37"}],"curies":[{"name":"wp","href":"https:\/\/api.w.org\/{rel}","templated":true}]}}