{"id":2443,"date":"2023-03-29T03:10:06","date_gmt":"2023-03-29T01:10:06","guid":{"rendered":"https:\/\/www.katzenhoffnung.at\/kaho\/?page_id=2443"},"modified":"2025-10-29T06:57:28","modified_gmt":"2025-10-29T05:57:28","slug":"benevity","status":"publish","type":"page","link":"https:\/\/www.katzenhoffnung.at\/kaho\/benevity\/","title":{"rendered":"\u201eBenevity\u201c \u2013 \u00fcber deinen Arbeitgeber spenden"},"content":{"rendered":"<p style=\"\"><strong>\u00dcber deinen Arbeitgeber bei &#8222;Benevity&#8220; spenden&nbsp;<\/strong><\/p>\n<p><span><img decoding=\"async\" alt=\"\" data-id=\"2448\" width=\"306\" data-init-width=\"1280\" height=\"350\" data-init-height=\"350\" title=\"Benevity_logo.svg\" loading=\"lazy\" src=\"https:\/\/www.katzenhoffnung.at\/kaho\/wp-content\/uploads\/Benevity_logo.svg.png\" data-width=\"306\" style=\"aspect-ratio: auto 1280 \/ 350;\"><\/span><\/p>\n<p><strong><em>Unterst\u00fctze unsere HandiCATs \u00fcber deinen Arbeitgeber! <\/em><\/strong>Wenn dein Arbeitgeber dir ein Budget an virtuellen Euro f\u00fcr gemeinn\u00fctzige Zwecke zur Verf\u00fcgung stellt, kannst du diese an unsere HandiCATs spenden.&nbsp;Wir sind auf dem Benevity-Portal unter &#8222;TH Katzenhoffnung Steiermark&#8220; registriert und aktiv. Suche uns ganz einfach \u00fcber deinen Arbeitgeber.&nbsp;&nbsp;Oftmals beteiligen sich viele Arbeitgeber an deiner Spende und erh\u00f6hen deine Spende sogar.&nbsp;<\/p>\n","protected":false},"excerpt":{"rendered":"<p>\u00dcber deinen Arbeitgeber bei &#8222;Benevity&#8220; spenden&nbsp; Unterst\u00fctze unsere HandiCATs \u00fcber deinen Arbeitgeber! Wenn dein Arbeitgeber dir ein Budget an virtuellen Euro f\u00fcr gemeinn\u00fctzige Zwecke zur Verf\u00fcgung stellt, kannst du diese an unsere HandiCATs spenden.&nbsp;Wir sind auf dem Benevity-Portal unter &#8222;TH Katzenhoffnung Steiermark&#8220; registriert und aktiv. Suche uns ganz einfach \u00fcber deinen Arbeitgeber.&nbsp;&nbsp;Oftmals beteiligen sich viele [&hellip;]<\/p>\n","protected":false},"author":1,"featured_media":0,"parent":0,"menu_order":0,"comment_status":"closed","ping_status":"closed","template":"","meta":{"site-sidebar-layout":"default","site-content-layout":"","ast-site-content-layout":"default","site-content-style":"default","site-sidebar-style":"default","ast-global-header-display":"","ast-banner-title-visibility":"","ast-main-header-display":"","ast-hfb-above-header-display":"","ast-hfb-below-header-display":"","ast-hfb-mobile-header-display":"","site-post-title":"","ast-breadcrumbs-content":"","ast-featured-img":"","footer-sml-layout":"","ast-disable-related-posts":"","theme-transparent-header-meta":"","adv-header-id-meta":"235","stick-header-meta":"","header-above-stick-meta":"","header-main-stick-meta":"","header-below-stick-meta":"","astra-migrate-meta-layouts":"default","ast-page-background-enabled":"default","ast-page-background-meta":{"desktop":{"background-color":"","background-image":"","background-repeat":"repeat","background-position":"center center","background-size":"auto","background-attachment":"scroll","background-type":"","background-media":"","overlay-type":"","overlay-color":"","overlay-opacity":"","overlay-gradient":""},"tablet":{"background-color":"","background-image":"","background-repeat":"repeat","background-position":"center center","background-size":"auto","background-attachment":"scroll","background-type":"","background-media":"","overlay-type":"","overlay-color":"","overlay-opacity":"","overlay-gradient":""},"mobile":{"background-color":"","background-image":"","background-repeat":"repeat","background-position":"center center","background-size":"auto","background-attachment":"scroll","background-type":"","background-media":"","overlay-type":"","overlay-color":"","overlay-opacity":"","overlay-gradient":""}},"ast-content-background-meta":{"desktop":{"background-color":"var(--ast-global-color-5)","background-image":"","background-repeat":"repeat","background-position":"center center","background-size":"auto","background-attachment":"scroll","background-type":"","background-media":"","overlay-type":"","overlay-color":"","overlay-opacity":"","overlay-gradient":""},"tablet":{"background-color":"var(--ast-global-color-5)","background-image":"","background-repeat":"repeat","background-position":"center center","background-size":"auto","background-attachment":"scroll","background-type":"","background-media":"","overlay-type":"","overlay-color":"","overlay-opacity":"","overlay-gradient":""},"mobile":{"background-color":"var(--ast-global-color-5)","background-image":"","background-repeat":"repeat","background-position":"center center","background-size":"auto","background-attachment":"scroll","background-type":"","background-media":"","overlay-type":"","overlay-color":"","overlay-opacity":"","overlay-gradient":""}},"ngg_post_thumbnail":0,"footnotes":"","tve_updated_post":"<div class=\"thrv_wrapper thrv_text_element\">\t<p style=\"\" data-css=\"tve-u-1872aef9e0e\"><strong>\u00dcber deinen Arbeitgeber bei \"Benevity\" spenden&nbsp;<\/strong><\/p><\/div><div class=\"thrv_wrapper tve_image_caption\" data-css=\"tve-u-1872af0ca62\" style=\"\"><span class=\"tve_image_frame\"><img class=\"tve_image wp-image-2448\" alt=\"\" data-id=\"2448\" width=\"306\" data-init-width=\"1280\" height=\"350\" data-init-height=\"350\" title=\"Benevity_logo.svg\" loading=\"lazy\" src=\"https:\/\/www.katzenhoffnung.at\/kaho\/wp-content\/uploads\/Benevity_logo.svg.png\" data-width=\"306\" data-css=\"tve-u-1872af0e1f8\" style=\"aspect-ratio: auto 1280 \/ 350;\"><\/span><\/div><div class=\"thrv_wrapper thrv_text_element\"><p><strong><em>Unterst\u00fctze unsere HandiCATs \u00fcber deinen Arbeitgeber! <\/em><\/strong><br>Wenn dein Arbeitgeber dir ein Budget an virtuellen Euro f\u00fcr gemeinn\u00fctzige Zwecke zur Verf\u00fcgung stellt, kannst du diese an unsere HandiCATs spenden.&nbsp;<br>Wir sind auf dem Benevity-Portal unter \"TH Katzenhoffnung Steiermark\" registriert und aktiv. <br>Suche uns ganz einfach \u00fcber deinen Arbeitgeber.&nbsp;<br>&nbsp;<br>Oftmals beteiligen sich viele Arbeitgeber an deiner Spende und erh\u00f6hen deine Spende sogar.&nbsp;<\/p><\/div><div class=\"tcb-clear\" data-css=\"tve-u-1872af1d17f\"><div class=\"thrv_wrapper thrv-button thrv-button-v2 tcb-local-vars-root\" data-css=\"tve-u-1872ae957ea\">\n\t<div class=\"thrive-colors-palette-config\" style=\"display: none !important\">__CONFIG_colors_palette__{\"active_palette\":0,\"config\":{\"colors\":{\"62516\":{\"name\":\"Main Accent\",\"parent\":-1}},\"gradients\":[]},\"palettes\":[{\"name\":\"Default Palette\",\"value\":{\"colors\":{\"62516\":{\"val\":\"rgb(4, 120, 68)\",\"hsl\":{\"h\":153,\"s\":0.9355,\"l\":0.2431}}},\"gradients\":[]}}]}__CONFIG_colors_palette__<\/div>\n\t<a href=\"https:\/\/causes.benevity.org\/causes\/040-5750239377646_d966\" class=\"tcb-button-link tcb-plain-text\" target=\"_blank\">\n\t\t<span class=\"tcb-button-texts\"><span class=\"tcb-button-text thrv-inline-text\">Zu \"Benevity\"<\/span><\/span>\n\t<\/a>\n<\/div><\/div>","tve_custom_css":"@media (min-width: 300px){[data-css=\"tve-u-1872ae957ea\"] .tcb-button-link { letter-spacing: 2px; background-image: linear-gradient(var(--tcb-local-color-62516,rgb(19,114,211)),var(--tcb-local-color-62516,rgb(19,114,211))); --tve-applied-background-image: linear-gradient(var$(--tcb-local-color-62516,rgb(19,114,211)),var$(--tcb-local-color-62516,rgb(19,114,211))); background-size: auto; background-attachment: scroll; border-radius: 5px; padding-right: 18px; padding-bottom: 18px; padding-left: 18px; text-align: left; background-position: 50% 50%; background-repeat: no-repeat; padding-top: 18px !important; background-color: transparent !important; }[data-css=\"tve-u-1872ae957ea\"] .tcb-button-link span { color: rgb(255, 255, 255); --tcb-applied-color: #fff; }[data-css=\"tve-u-1872ae957ea\"] { float: left; z-index: 3; position: relative; --tve-alignment: left; --tcb-local-color-62516: rgb(4,120,68) !important; margin-top: 0px !important; }:not(#tve) [data-css=\"tve-u-1872aef9e0e\"] { font-size: 21px !important; }[data-css=\"tve-u-1872af0ca62\"] { width: 28%; margin-top: 0px !important; }[data-css=\"tve-u-1872af1d17f\"]::after { clear: both; }}","tve_user_custom_css":"","tve_globals":{"e":"1","font_cls":[]},"tcb2_ready":1,"tcb_editor_enabled":1,"tve_landing_page":"","_tve_header":"","_tve_footer":""},"class_list":["post-2443","page","type-page","status-publish","hentry"],"yoast_head":"<!-- This site is optimized with the Yoast SEO plugin v27.5 - https:\/\/yoast.com\/product\/yoast-seo-wordpress\/ -->\n<title>\u201eBenevity\u201c \u2013 \u00fcber deinen Arbeitgeber spenden - Paradies f\u00fcr HandiCATs Katzenhoffnung<\/title>\n<meta name=\"description\" content=\"Paradies f\u00fcr HandiCATs - behinderte Katzen - Katzenhoffnung Steiermark in Mooskirchen - Graz-Umgebung - Voitsberg\" \/>\n<meta name=\"robots\" content=\"index, follow, max-snippet:-1, max-image-preview:large, max-video-preview:-1\" \/>\n<link rel=\"canonical\" href=\"https:\/\/www.katzenhoffnung.at\/kaho\/benevity\/\" \/>\n<meta property=\"og:locale\" content=\"de_DE\" \/>\n<meta property=\"og:type\" content=\"article\" \/>\n<meta property=\"og:title\" content=\"\u201eBenevity\u201c \u2013 \u00fcber deinen Arbeitgeber spenden - Paradies f\u00fcr HandiCATs Katzenhoffnung\" \/>\n<meta property=\"og:description\" content=\"Paradies f\u00fcr HandiCATs - behinderte Katzen - Katzenhoffnung Steiermark in Mooskirchen - Graz-Umgebung - Voitsberg\" \/>\n<meta property=\"og:url\" content=\"https:\/\/www.katzenhoffnung.at\/kaho\/benevity\/\" \/>\n<meta property=\"og:site_name\" content=\"Paradies f\u00fcr HandiCATs Katzenhoffnung\" \/>\n<meta property=\"article:publisher\" content=\"https:\/\/www.facebook.com\/katzenhoffnung\" \/>\n<meta property=\"article:modified_time\" content=\"2025-10-29T05:57:28+00:00\" \/>\n<meta property=\"og:image\" content=\"https:\/\/www.katzenhoffnung.at\/kaho\/wp-content\/uploads\/Benevity_logo.svg.png\" \/>\n<meta name=\"twitter:card\" content=\"summary_large_image\" \/>\n<script type=\"application\/ld+json\" class=\"yoast-schema-graph\">{\"@context\":\"https:\\\/\\\/schema.org\",\"@graph\":[{\"@type\":\"WebPage\",\"@id\":\"https:\\\/\\\/www.katzenhoffnung.at\\\/kaho\\\/benevity\\\/\",\"url\":\"https:\\\/\\\/www.katzenhoffnung.at\\\/kaho\\\/benevity\\\/\",\"name\":\"\u201eBenevity\u201c \u2013 \u00fcber deinen Arbeitgeber spenden - Paradies f\u00fcr HandiCATs Katzenhoffnung\",\"isPartOf\":{\"@id\":\"https:\\\/\\\/www.katzenhoffnung.at\\\/kaho\\\/#website\"},\"primaryImageOfPage\":{\"@id\":\"https:\\\/\\\/www.katzenhoffnung.at\\\/kaho\\\/benevity\\\/#primaryimage\"},\"image\":{\"@id\":\"https:\\\/\\\/www.katzenhoffnung.at\\\/kaho\\\/benevity\\\/#primaryimage\"},\"thumbnailUrl\":\"https:\\\/\\\/www.katzenhoffnung.at\\\/kaho\\\/wp-content\\\/uploads\\\/Benevity_logo.svg.png\",\"datePublished\":\"2023-03-29T01:10:06+00:00\",\"dateModified\":\"2025-10-29T05:57:28+00:00\",\"description\":\"Paradies f\u00fcr HandiCATs - behinderte Katzen - Katzenhoffnung Steiermark in Mooskirchen - Graz-Umgebung - Voitsberg\",\"breadcrumb\":{\"@id\":\"https:\\\/\\\/www.katzenhoffnung.at\\\/kaho\\\/benevity\\\/#breadcrumb\"},\"inLanguage\":\"de\",\"potentialAction\":[{\"@type\":\"ReadAction\",\"target\":[\"https:\\\/\\\/www.katzenhoffnung.at\\\/kaho\\\/benevity\\\/\"]}]},{\"@type\":\"ImageObject\",\"inLanguage\":\"de\",\"@id\":\"https:\\\/\\\/www.katzenhoffnung.at\\\/kaho\\\/benevity\\\/#primaryimage\",\"url\":\"https:\\\/\\\/www.katzenhoffnung.at\\\/kaho\\\/wp-content\\\/uploads\\\/Benevity_logo.svg.png\",\"contentUrl\":\"https:\\\/\\\/www.katzenhoffnung.at\\\/kaho\\\/wp-content\\\/uploads\\\/Benevity_logo.svg.png\",\"width\":1280,\"height\":350},{\"@type\":\"BreadcrumbList\",\"@id\":\"https:\\\/\\\/www.katzenhoffnung.at\\\/kaho\\\/benevity\\\/#breadcrumb\",\"itemListElement\":[{\"@type\":\"ListItem\",\"position\":1,\"name\":\"Startseite\",\"item\":\"https:\\\/\\\/www.katzenhoffnung.at\\\/kaho\\\/\"},{\"@type\":\"ListItem\",\"position\":2,\"name\":\"\u201eBenevity\u201c \u2013 \u00fcber deinen Arbeitgeber spenden\"}]},{\"@type\":\"WebSite\",\"@id\":\"https:\\\/\\\/www.katzenhoffnung.at\\\/kaho\\\/#website\",\"url\":\"https:\\\/\\\/www.katzenhoffnung.at\\\/kaho\\\/\",\"name\":\"Paradies f\u00fcr HandiCATs Katzenhoffnung Steiermark\",\"description\":\"Behinderte Katzen - HandiCATs - SpecialCareCATs\",\"publisher\":{\"@id\":\"https:\\\/\\\/www.katzenhoffnung.at\\\/kaho\\\/#organization\"},\"alternateName\":\"HandiCATs Mooskirchen\",\"potentialAction\":[{\"@type\":\"SearchAction\",\"target\":{\"@type\":\"EntryPoint\",\"urlTemplate\":\"https:\\\/\\\/www.katzenhoffnung.at\\\/kaho\\\/?s={search_term_string}\"},\"query-input\":{\"@type\":\"PropertyValueSpecification\",\"valueRequired\":true,\"valueName\":\"search_term_string\"}}],\"inLanguage\":\"de\"},{\"@type\":\"Organization\",\"@id\":\"https:\\\/\\\/www.katzenhoffnung.at\\\/kaho\\\/#organization\",\"name\":\"Paradies f\u00fcr HandiCATs Katzenhoffnung Steiermark\",\"alternateName\":\"behinderte Katzen - HandiCat\",\"url\":\"https:\\\/\\\/www.katzenhoffnung.at\\\/kaho\\\/\",\"logo\":{\"@type\":\"ImageObject\",\"inLanguage\":\"de\",\"@id\":\"https:\\\/\\\/www.katzenhoffnung.at\\\/kaho\\\/#\\\/schema\\\/logo\\\/image\\\/\",\"url\":\"https:\\\/\\\/www.katzenhoffnung.at\\\/kaho\\\/wp-content\\\/uploads\\\/cropped-kaho-stmk_v3-300x140-1.png\",\"contentUrl\":\"https:\\\/\\\/www.katzenhoffnung.at\\\/kaho\\\/wp-content\\\/uploads\\\/cropped-kaho-stmk_v3-300x140-1.png\",\"width\":265,\"height\":110,\"caption\":\"Paradies f\u00fcr HandiCATs Katzenhoffnung Steiermark\"},\"image\":{\"@id\":\"https:\\\/\\\/www.katzenhoffnung.at\\\/kaho\\\/#\\\/schema\\\/logo\\\/image\\\/\"},\"sameAs\":[\"https:\\\/\\\/www.facebook.com\\\/katzenhoffnung\",\"https:\\\/\\\/www.tiktok.com\\\/@handicats\",\"https:\\\/\\\/www.instagram.com\\\/paradise_for_handicats\\\/\"]}]}<\/script>\n<!-- \/ Yoast SEO plugin. -->","yoast_head_json":{"title":"\u201eBenevity\u201c \u2013 \u00fcber deinen Arbeitgeber spenden - Paradies f\u00fcr HandiCATs Katzenhoffnung","description":"Paradies f\u00fcr HandiCATs - behinderte Katzen - Katzenhoffnung Steiermark in Mooskirchen - Graz-Umgebung - Voitsberg","robots":{"index":"index","follow":"follow","max-snippet":"max-snippet:-1","max-image-preview":"max-image-preview:large","max-video-preview":"max-video-preview:-1"},"canonical":"https:\/\/www.katzenhoffnung.at\/kaho\/benevity\/","og_locale":"de_DE","og_type":"article","og_title":"\u201eBenevity\u201c \u2013 \u00fcber deinen Arbeitgeber spenden - Paradies f\u00fcr HandiCATs Katzenhoffnung","og_description":"Paradies f\u00fcr HandiCATs - behinderte Katzen - Katzenhoffnung Steiermark in Mooskirchen - Graz-Umgebung - Voitsberg","og_url":"https:\/\/www.katzenhoffnung.at\/kaho\/benevity\/","og_site_name":"Paradies f\u00fcr HandiCATs Katzenhoffnung","article_publisher":"https:\/\/www.facebook.com\/katzenhoffnung","article_modified_time":"2025-10-29T05:57:28+00:00","og_image":[{"url":"https:\/\/www.katzenhoffnung.at\/kaho\/wp-content\/uploads\/Benevity_logo.svg.png","type":"","width":"","height":""}],"twitter_card":"summary_large_image","schema":{"@context":"https:\/\/schema.org","@graph":[{"@type":"WebPage","@id":"https:\/\/www.katzenhoffnung.at\/kaho\/benevity\/","url":"https:\/\/www.katzenhoffnung.at\/kaho\/benevity\/","name":"\u201eBenevity\u201c \u2013 \u00fcber deinen Arbeitgeber spenden - Paradies f\u00fcr HandiCATs Katzenhoffnung","isPartOf":{"@id":"https:\/\/www.katzenhoffnung.at\/kaho\/#website"},"primaryImageOfPage":{"@id":"https:\/\/www.katzenhoffnung.at\/kaho\/benevity\/#primaryimage"},"image":{"@id":"https:\/\/www.katzenhoffnung.at\/kaho\/benevity\/#primaryimage"},"thumbnailUrl":"https:\/\/www.katzenhoffnung.at\/kaho\/wp-content\/uploads\/Benevity_logo.svg.png","datePublished":"2023-03-29T01:10:06+00:00","dateModified":"2025-10-29T05:57:28+00:00","description":"Paradies f\u00fcr HandiCATs - behinderte Katzen - Katzenhoffnung Steiermark in Mooskirchen - Graz-Umgebung - Voitsberg","breadcrumb":{"@id":"https:\/\/www.katzenhoffnung.at\/kaho\/benevity\/#breadcrumb"},"inLanguage":"de","potentialAction":[{"@type":"ReadAction","target":["https:\/\/www.katzenhoffnung.at\/kaho\/benevity\/"]}]},{"@type":"ImageObject","inLanguage":"de","@id":"https:\/\/www.katzenhoffnung.at\/kaho\/benevity\/#primaryimage","url":"https:\/\/www.katzenhoffnung.at\/kaho\/wp-content\/uploads\/Benevity_logo.svg.png","contentUrl":"https:\/\/www.katzenhoffnung.at\/kaho\/wp-content\/uploads\/Benevity_logo.svg.png","width":1280,"height":350},{"@type":"BreadcrumbList","@id":"https:\/\/www.katzenhoffnung.at\/kaho\/benevity\/#breadcrumb","itemListElement":[{"@type":"ListItem","position":1,"name":"Startseite","item":"https:\/\/www.katzenhoffnung.at\/kaho\/"},{"@type":"ListItem","position":2,"name":"\u201eBenevity\u201c \u2013 \u00fcber deinen Arbeitgeber spenden"}]},{"@type":"WebSite","@id":"https:\/\/www.katzenhoffnung.at\/kaho\/#website","url":"https:\/\/www.katzenhoffnung.at\/kaho\/","name":"Paradies f\u00fcr HandiCATs Katzenhoffnung Steiermark","description":"Behinderte Katzen - HandiCATs - SpecialCareCATs","publisher":{"@id":"https:\/\/www.katzenhoffnung.at\/kaho\/#organization"},"alternateName":"HandiCATs Mooskirchen","potentialAction":[{"@type":"SearchAction","target":{"@type":"EntryPoint","urlTemplate":"https:\/\/www.katzenhoffnung.at\/kaho\/?s={search_term_string}"},"query-input":{"@type":"PropertyValueSpecification","valueRequired":true,"valueName":"search_term_string"}}],"inLanguage":"de"},{"@type":"Organization","@id":"https:\/\/www.katzenhoffnung.at\/kaho\/#organization","name":"Paradies f\u00fcr HandiCATs Katzenhoffnung Steiermark","alternateName":"behinderte Katzen - HandiCat","url":"https:\/\/www.katzenhoffnung.at\/kaho\/","logo":{"@type":"ImageObject","inLanguage":"de","@id":"https:\/\/www.katzenhoffnung.at\/kaho\/#\/schema\/logo\/image\/","url":"https:\/\/www.katzenhoffnung.at\/kaho\/wp-content\/uploads\/cropped-kaho-stmk_v3-300x140-1.png","contentUrl":"https:\/\/www.katzenhoffnung.at\/kaho\/wp-content\/uploads\/cropped-kaho-stmk_v3-300x140-1.png","width":265,"height":110,"caption":"Paradies f\u00fcr HandiCATs Katzenhoffnung Steiermark"},"image":{"@id":"https:\/\/www.katzenhoffnung.at\/kaho\/#\/schema\/logo\/image\/"},"sameAs":["https:\/\/www.facebook.com\/katzenhoffnung","https:\/\/www.tiktok.com\/@handicats","https:\/\/www.instagram.com\/paradise_for_handicats\/"]}]}},"_links":{"self":[{"href":"https:\/\/www.katzenhoffnung.at\/kaho\/wp-json\/wp\/v2\/pages\/2443","targetHints":{"allow":["GET"]}}],"collection":[{"href":"https:\/\/www.katzenhoffnung.at\/kaho\/wp-json\/wp\/v2\/pages"}],"about":[{"href":"https:\/\/www.katzenhoffnung.at\/kaho\/wp-json\/wp\/v2\/types\/page"}],"author":[{"embeddable":true,"href":"https:\/\/www.katzenhoffnung.at\/kaho\/wp-json\/wp\/v2\/users\/1"}],"replies":[{"embeddable":true,"href":"https:\/\/www.katzenhoffnung.at\/kaho\/wp-json\/wp\/v2\/comments?post=2443"}],"version-history":[{"count":0,"href":"https:\/\/www.katzenhoffnung.at\/kaho\/wp-json\/wp\/v2\/pages\/2443\/revisions"}],"wp:attachment":[{"href":"https:\/\/www.katzenhoffnung.at\/kaho\/wp-json\/wp\/v2\/media?parent=2443"}],"curies":[{"name":"wp","href":"https:\/\/api.w.org\/{rel}","templated":true}]}}