{"id":2431,"date":"2023-03-25T03:38:34","date_gmt":"2023-03-25T02:38:34","guid":{"rendered":"https:\/\/www.katzenhoffnung.at\/kaho\/?page_id=2431"},"modified":"2025-11-06T08:26:46","modified_gmt":"2025-11-06T07:26:46","slug":"kooperationen","status":"publish","type":"page","link":"https:\/\/www.katzenhoffnung.at\/kaho\/kooperationen\/","title":{"rendered":"Kooperationen"},"content":{"rendered":"<h2 style=\"\">Das Paradies f\u00fcr HandiCATs Katzenhoffnung arbeitet erfolgreich mit Unternehmen zusammen, die von dieser Kooperation in mehrfacher Hinsicht profitieren: Durch ihr Sponsoring helfen Sie gehandicapten Katzen und zeigen, dass sie gesellschaftliche Verantwortung \u00fcbernehmen.<\/h2>\n<p>Das Paradies f\u00fcr HandiCats Katzenhoffnung arbeitet auf mehreren Ebenen erfolgreich mit Unternehmen zusammen, wenn es um Sponsoring zugunsten behinderter Katzen geht: Ob Einzelspende oder eigenes Event \u2013 es gibt viele M\u00f6glichkeiten, sich als Unternehmen gemeinsam mit den Mitarbeitern f\u00fcr den Tierschutz und eine tierfreundliche Welt einzusetzen.<\/p>\n<h2 style=\"\">Ihr Betrieb profitiert davon gleich in mehrerer Hinsicht:<\/h2>\n<ul>\n<li>Sich gemeinsam mit den Mitarbeitern f\u00fcr eine gute Sache wie den Tierschutz einzusetzen, st\u00e4rkt das Wir-Gef\u00fchl und schwei\u00dft zusammen.<\/li>\n<li>Wer sich seinen Gesch\u00e4ftspartnern und Kunden als Team pr\u00e4sentiert, das Verantwortung f\u00fcr die Schw\u00e4chsten unserer Welt \u00fcbernimmt, tut viel f\u00fcr sein Image.<\/li>\n<li>Ihr guter Name gewinnt zudem durch unseren guten Namen als einzige Organisation f\u00fcr gel\u00e4hmte und inkontinente Katzen in ganz \u00d6sterreich und Deutschland: Profitieren Sie von unserer medialen Pr\u00e4senz und unserem positiven Image in der \u00d6ffentlichkeit! Durch eine Kooperation mit dem Paradies f\u00fcr HandiCATs Katzenhoffnung Steiermark k\u00f6nnen Sie sich von Ihren Wettbewerbern abheben und hohe Sympathiewerte gewinnen.<\/li>\n<\/ul>\n<p>Wir hoffen, dass wir Ihr Interesse wecken konnten und freuen uns \u00fcber jede Form der Kooperation. Wir erarbeiten gerne mit Ihnen gemeinsam M\u00f6glichkeiten einer \u201ema\u00dfgeschneiderten\u201c Zusammenarbeit.<\/p>\n<p><a href=\"https:\/\/www.katzenhoffnung.at\/kaho\/startseite\/helfen\/sponsoring\/\" style=\"outline: none;\">Hier geht&#8217;s zu den Sponsoringpaketen f\u00fcr Unternehmen<\/a><\/p>\n<h2 style=\"\">Ganz herzlich bedanken wir uns bei unseren aktuellen Kooperationspartnern:<\/h2>\n<ul>\n<li><span><a href=\"https:\/\/www.strayz.de\" target=\"_blank\" style=\"outline: none;\">Strayz<\/a> (mit jedem Einkauf auf Strayz werden unsere HandiCATs unterst\u00fctzt)&nbsp;<\/span><\/li>\n<\/ul>\n","protected":false},"excerpt":{"rendered":"<p>Das Paradies f\u00fcr HandiCATs Katzenhoffnung arbeitet erfolgreich mit Unternehmen zusammen, die von dieser Kooperation in mehrfacher Hinsicht profitieren: Durch ihr Sponsoring helfen Sie gehandicapten Katzen und zeigen, dass sie gesellschaftliche Verantwortung \u00fcbernehmen. Das Paradies f\u00fcr HandiCats Katzenhoffnung arbeitet auf mehreren Ebenen erfolgreich mit Unternehmen zusammen, wenn es um Sponsoring zugunsten behinderter Katzen geht: Ob Einzelspende [&hellip;]<\/p>\n","protected":false},"author":1,"featured_media":0,"parent":0,"menu_order":0,"comment_status":"closed","ping_status":"closed","template":"","meta":{"site-sidebar-layout":"default","site-content-layout":"","ast-site-content-layout":"default","site-content-style":"default","site-sidebar-style":"default","ast-global-header-display":"","ast-banner-title-visibility":"","ast-main-header-display":"","ast-hfb-above-header-display":"","ast-hfb-below-header-display":"","ast-hfb-mobile-header-display":"","site-post-title":"","ast-breadcrumbs-content":"","ast-featured-img":"","footer-sml-layout":"","ast-disable-related-posts":"","theme-transparent-header-meta":"","adv-header-id-meta":"854","stick-header-meta":"","header-above-stick-meta":"","header-main-stick-meta":"","header-below-stick-meta":"","astra-migrate-meta-layouts":"default","ast-page-background-enabled":"default","ast-page-background-meta":{"desktop":{"background-color":"","background-image":"","background-repeat":"repeat","background-position":"center center","background-size":"auto","background-attachment":"scroll","background-type":"","background-media":"","overlay-type":"","overlay-color":"","overlay-opacity":"","overlay-gradient":""},"tablet":{"background-color":"","background-image":"","background-repeat":"repeat","background-position":"center center","background-size":"auto","background-attachment":"scroll","background-type":"","background-media":"","overlay-type":"","overlay-color":"","overlay-opacity":"","overlay-gradient":""},"mobile":{"background-color":"","background-image":"","background-repeat":"repeat","background-position":"center center","background-size":"auto","background-attachment":"scroll","background-type":"","background-media":"","overlay-type":"","overlay-color":"","overlay-opacity":"","overlay-gradient":""}},"ast-content-background-meta":{"desktop":{"background-color":"var(--ast-global-color-5)","background-image":"","background-repeat":"repeat","background-position":"center center","background-size":"auto","background-attachment":"scroll","background-type":"","background-media":"","overlay-type":"","overlay-color":"","overlay-opacity":"","overlay-gradient":""},"tablet":{"background-color":"var(--ast-global-color-5)","background-image":"","background-repeat":"repeat","background-position":"center center","background-size":"auto","background-attachment":"scroll","background-type":"","background-media":"","overlay-type":"","overlay-color":"","overlay-opacity":"","overlay-gradient":""},"mobile":{"background-color":"var(--ast-global-color-5)","background-image":"","background-repeat":"repeat","background-position":"center center","background-size":"auto","background-attachment":"scroll","background-type":"","background-media":"","overlay-type":"","overlay-color":"","overlay-opacity":"","overlay-gradient":""}},"ngg_post_thumbnail":0,"footnotes":"","tve_updated_post":"<div class=\"thrv_wrapper thrv_text_element\"><h2 style=\"\" data-css=\"tve-u-18716ac97c5\" class=\"\">Das Paradies f\u00fcr HandiCATs Katzenhoffnung arbeitet erfolgreich mit Unternehmen zusammen, die von dieser Kooperation in mehrfacher Hinsicht profitieren: Durch ihr Sponsoring helfen Sie gehandicapten Katzen und zeigen, dass sie gesellschaftliche Verantwortung \u00fcbernehmen.<\/h2><p>Das Paradies f\u00fcr HandiCats Katzenhoffnung arbeitet auf mehreren Ebenen erfolgreich mit Unternehmen zusammen, wenn es um Sponsoring zugunsten behinderter Katzen geht: Ob Einzelspende oder eigenes Event \u2013 es gibt viele M\u00f6glichkeiten, sich als Unternehmen gemeinsam mit den Mitarbeitern f\u00fcr den Tierschutz und eine tierfreundliche Welt einzusetzen.<\/p><h2 style=\"\" data-css=\"tve-u-18716acd76c\" class=\"\">Ihr Betrieb profitiert davon gleich in mehrerer Hinsicht:<\/h2><ul class=\"\"><li>Sich gemeinsam mit den Mitarbeitern f\u00fcr eine gute Sache wie den Tierschutz einzusetzen, st\u00e4rkt das Wir-Gef\u00fchl und schwei\u00dft zusammen.<\/li><li>Wer sich seinen Gesch\u00e4ftspartnern und Kunden als Team pr\u00e4sentiert, das Verantwortung f\u00fcr die Schw\u00e4chsten unserer Welt \u00fcbernimmt, tut viel f\u00fcr sein Image.<\/li><li>Ihr guter Name gewinnt zudem durch unseren guten Namen als einzige Organisation f\u00fcr gel\u00e4hmte und inkontinente Katzen in ganz \u00d6sterreich und Deutschland: Profitieren Sie von unserer medialen Pr\u00e4senz und unserem positiven Image in der \u00d6ffentlichkeit! Durch eine Kooperation mit dem Paradies f\u00fcr HandiCATs Katzenhoffnung Steiermark k\u00f6nnen Sie sich von Ihren Wettbewerbern abheben und hohe Sympathiewerte gewinnen.<\/li><\/ul><p>Wir hoffen, dass wir Ihr Interesse wecken konnten und freuen uns \u00fcber jede Form der Kooperation. Wir erarbeiten gerne mit Ihnen gemeinsam M\u00f6glichkeiten einer \u201ema\u00dfgeschneiderten\u201c Zusammenarbeit.<\/p><p><a href=\"https:\/\/www.katzenhoffnung.at\/kaho\/startseite\/helfen\/sponsoring\/\" class=\"\" style=\"outline: none;\">Hier geht's zu den Sponsoringpaketen f\u00fcr Unternehmen<\/a><\/p><\/div><div class=\"thrv_wrapper thrv_text_element\" data-css=\"tve-u-18716ac4c3c\">\t<h2 style=\"\" data-css=\"tve-u-18716abe812\" class=\"\">Ganz herzlich bedanken wir uns bei unseren aktuellen Kooperationspartnern:<\/h2><\/div><div class=\"thrv_wrapper thrv-styled_list\" data-icon-code=\"icon-cat-solid\" data-css=\"tve-u-18716ac1a9c\"><ul class=\"tcb-styled-list\"><li class=\"thrv-styled-list-item\" data-css=\"tve-u-18716a560a8\"><div class=\"tcb-styled-list-icon\"><div class=\"thrv_wrapper thrv_icon tve_no_drag tcb-no-delete tcb-no-clone tcb-no-save tcb-icon-inherit-style tcb-icon-display\" data-css=\"tve-u-18716a51e18\"><svg class=\"tcb-icon\" viewBox=\"0 0 512 512\" data-id=\"icon-cat-solid\" data-name=\"\"><path d=\"M290.59 192c-20.18 0-106.82 1.98-162.59 85.95V192c0-52.94-43.06-96-96-96-17.67 0-32 14.33-32 32s14.33 32 32 32c17.64 0 32 14.36 32 32v256c0 35.3 28.7 64 64 64h176c8.84 0 16-7.16 16-16v-16c0-17.67-14.33-32-32-32h-32l128-96v144c0 8.84 7.16 16 16 16h32c8.84 0 16-7.16 16-16V289.86c-10.29 2.67-20.89 4.54-32 4.54-61.81 0-113.52-44.05-125.41-102.4zM448 96h-64l-64-64v134.4c0 53.02 42.98 96 96 96s96-42.98 96-96V32l-64 64zm-72 80c-8.84 0-16-7.16-16-16s7.16-16 16-16 16 7.16 16 16-7.16 16-16 16zm80 0c-8.84 0-16-7.16-16-16s7.16-16 16-16 16 7.16 16 16-7.16 16-16 16z\"><\/path><\/svg><\/div><\/div><span class=\"thrv-advanced-inline-text tve_editable tcb-styled-list-icon-text tcb-no-delete tcb-no-save\" data-css=\"tve-u-18716a51b0f\"><a href=\"https:\/\/www.strayz.de\" target=\"_blank\" class=\"\" style=\"outline: none;\">Strayz<\/a> (mit jedem Einkauf auf Strayz werden unsere HandiCATs unterst\u00fctzt)&nbsp;<\/span><\/li><\/ul><\/div>","tve_custom_css":"@media (min-width: 300px){[data-css=\"tve-u-18716a51e18\"] { --tcb-local-color-icon: rgb(43,43,43); --tcb-local-color-var: rgb(43,43,43); --tve-icon-size: 15px; }:not(#tve) [data-css=\"tve-u-18716abe812\"] { font-size: 24px !important; }[data-css=\"tve-u-18716ac1a9c\"] { margin-top: 0px !important; padding-top: 0px !important; }[data-css=\"tve-u-18716ac4c3c\"] { padding-bottom: 0px !important; }:not(#tve) [data-css=\"tve-u-18716ac97c5\"] { font-size: 17px !important; }:not(#tve) [data-css=\"tve-u-18716acd76c\"] { font-size: 19px !important; }}","tve_user_custom_css":"","tve_globals":{"e":"1","font_cls":[]},"tcb2_ready":1,"tcb_editor_enabled":1,"tve_landing_page":"","_tve_header":"","_tve_footer":""},"class_list":["post-2431","page","type-page","status-publish","hentry"],"yoast_head":"<!-- This site is optimized with the Yoast SEO plugin v27.5 - https:\/\/yoast.com\/product\/yoast-seo-wordpress\/ -->\n<title>Kooperationen - Paradies f\u00fcr HandiCATs Katzenhoffnung<\/title>\n<meta name=\"description\" content=\"Paradies f\u00fcr HandiCATs - behinderte Katzen - Katzenhoffnung Steiermark in Mooskirchen - Graz-Umgebung - Voitsberg\" \/>\n<meta name=\"robots\" content=\"index, follow, max-snippet:-1, max-image-preview:large, max-video-preview:-1\" \/>\n<link rel=\"canonical\" href=\"https:\/\/www.katzenhoffnung.at\/kaho\/kooperationen\/\" \/>\n<meta property=\"og:locale\" content=\"de_DE\" \/>\n<meta property=\"og:type\" content=\"article\" \/>\n<meta property=\"og:title\" content=\"Kooperationen - Paradies f\u00fcr HandiCATs Katzenhoffnung\" \/>\n<meta property=\"og:description\" content=\"Paradies f\u00fcr HandiCATs - behinderte Katzen - Katzenhoffnung Steiermark in Mooskirchen - Graz-Umgebung - Voitsberg\" \/>\n<meta property=\"og:url\" content=\"https:\/\/www.katzenhoffnung.at\/kaho\/kooperationen\/\" \/>\n<meta property=\"og:site_name\" content=\"Paradies f\u00fcr HandiCATs Katzenhoffnung\" \/>\n<meta property=\"article:publisher\" content=\"https:\/\/www.facebook.com\/katzenhoffnung\" \/>\n<meta property=\"article:modified_time\" content=\"2025-11-06T07:26:46+00:00\" \/>\n<meta property=\"og:image\" content=\"https:\/\/www.katzenhoffnung.at\/kaho\/wp-content\/uploads\/image-2.png\" \/>\n\t<meta property=\"og:image:width\" content=\"500\" \/>\n\t<meta property=\"og:image:height\" content=\"517\" \/>\n\t<meta property=\"og:image:type\" content=\"image\/png\" \/>\n<meta name=\"twitter:card\" content=\"summary_large_image\" \/>\n<meta name=\"twitter:label1\" content=\"Gesch\u00e4tzte Lesezeit\" \/>\n\t<meta name=\"twitter:data1\" content=\"1\u00a0Minute\" \/>\n<script type=\"application\/ld+json\" class=\"yoast-schema-graph\">{\"@context\":\"https:\\\/\\\/schema.org\",\"@graph\":[{\"@type\":\"WebPage\",\"@id\":\"https:\\\/\\\/www.katzenhoffnung.at\\\/kaho\\\/kooperationen\\\/\",\"url\":\"https:\\\/\\\/www.katzenhoffnung.at\\\/kaho\\\/kooperationen\\\/\",\"name\":\"Kooperationen - Paradies f\u00fcr HandiCATs Katzenhoffnung\",\"isPartOf\":{\"@id\":\"https:\\\/\\\/www.katzenhoffnung.at\\\/kaho\\\/#website\"},\"datePublished\":\"2023-03-25T02:38:34+00:00\",\"dateModified\":\"2025-11-06T07:26:46+00:00\",\"description\":\"Paradies f\u00fcr HandiCATs - behinderte Katzen - Katzenhoffnung Steiermark in Mooskirchen - Graz-Umgebung - Voitsberg\",\"breadcrumb\":{\"@id\":\"https:\\\/\\\/www.katzenhoffnung.at\\\/kaho\\\/kooperationen\\\/#breadcrumb\"},\"inLanguage\":\"de\",\"potentialAction\":[{\"@type\":\"ReadAction\",\"target\":[\"https:\\\/\\\/www.katzenhoffnung.at\\\/kaho\\\/kooperationen\\\/\"]}]},{\"@type\":\"BreadcrumbList\",\"@id\":\"https:\\\/\\\/www.katzenhoffnung.at\\\/kaho\\\/kooperationen\\\/#breadcrumb\",\"itemListElement\":[{\"@type\":\"ListItem\",\"position\":1,\"name\":\"Startseite\",\"item\":\"https:\\\/\\\/www.katzenhoffnung.at\\\/kaho\\\/\"},{\"@type\":\"ListItem\",\"position\":2,\"name\":\"Kooperationen\"}]},{\"@type\":\"WebSite\",\"@id\":\"https:\\\/\\\/www.katzenhoffnung.at\\\/kaho\\\/#website\",\"url\":\"https:\\\/\\\/www.katzenhoffnung.at\\\/kaho\\\/\",\"name\":\"Paradies f\u00fcr HandiCATs Katzenhoffnung Steiermark\",\"description\":\"Behinderte Katzen - HandiCATs - SpecialCareCATs\",\"publisher\":{\"@id\":\"https:\\\/\\\/www.katzenhoffnung.at\\\/kaho\\\/#organization\"},\"alternateName\":\"HandiCATs Mooskirchen\",\"potentialAction\":[{\"@type\":\"SearchAction\",\"target\":{\"@type\":\"EntryPoint\",\"urlTemplate\":\"https:\\\/\\\/www.katzenhoffnung.at\\\/kaho\\\/?s={search_term_string}\"},\"query-input\":{\"@type\":\"PropertyValueSpecification\",\"valueRequired\":true,\"valueName\":\"search_term_string\"}}],\"inLanguage\":\"de\"},{\"@type\":\"Organization\",\"@id\":\"https:\\\/\\\/www.katzenhoffnung.at\\\/kaho\\\/#organization\",\"name\":\"Paradies f\u00fcr HandiCATs Katzenhoffnung Steiermark\",\"alternateName\":\"behinderte Katzen - HandiCat\",\"url\":\"https:\\\/\\\/www.katzenhoffnung.at\\\/kaho\\\/\",\"logo\":{\"@type\":\"ImageObject\",\"inLanguage\":\"de\",\"@id\":\"https:\\\/\\\/www.katzenhoffnung.at\\\/kaho\\\/#\\\/schema\\\/logo\\\/image\\\/\",\"url\":\"https:\\\/\\\/www.katzenhoffnung.at\\\/kaho\\\/wp-content\\\/uploads\\\/cropped-kaho-stmk_v3-300x140-1.png\",\"contentUrl\":\"https:\\\/\\\/www.katzenhoffnung.at\\\/kaho\\\/wp-content\\\/uploads\\\/cropped-kaho-stmk_v3-300x140-1.png\",\"width\":265,\"height\":110,\"caption\":\"Paradies f\u00fcr HandiCATs Katzenhoffnung Steiermark\"},\"image\":{\"@id\":\"https:\\\/\\\/www.katzenhoffnung.at\\\/kaho\\\/#\\\/schema\\\/logo\\\/image\\\/\"},\"sameAs\":[\"https:\\\/\\\/www.facebook.com\\\/katzenhoffnung\",\"https:\\\/\\\/www.tiktok.com\\\/@handicats\",\"https:\\\/\\\/www.instagram.com\\\/paradise_for_handicats\\\/\"]}]}<\/script>\n<!-- \/ Yoast SEO plugin. -->","yoast_head_json":{"title":"Kooperationen - Paradies f\u00fcr HandiCATs Katzenhoffnung","description":"Paradies f\u00fcr HandiCATs - behinderte Katzen - Katzenhoffnung Steiermark in Mooskirchen - Graz-Umgebung - Voitsberg","robots":{"index":"index","follow":"follow","max-snippet":"max-snippet:-1","max-image-preview":"max-image-preview:large","max-video-preview":"max-video-preview:-1"},"canonical":"https:\/\/www.katzenhoffnung.at\/kaho\/kooperationen\/","og_locale":"de_DE","og_type":"article","og_title":"Kooperationen - Paradies f\u00fcr HandiCATs Katzenhoffnung","og_description":"Paradies f\u00fcr HandiCATs - behinderte Katzen - Katzenhoffnung Steiermark in Mooskirchen - Graz-Umgebung - Voitsberg","og_url":"https:\/\/www.katzenhoffnung.at\/kaho\/kooperationen\/","og_site_name":"Paradies f\u00fcr HandiCATs Katzenhoffnung","article_publisher":"https:\/\/www.facebook.com\/katzenhoffnung","article_modified_time":"2025-11-06T07:26:46+00:00","og_image":[{"width":500,"height":517,"url":"https:\/\/www.katzenhoffnung.at\/kaho\/wp-content\/uploads\/image-2.png","type":"image\/png"}],"twitter_card":"summary_large_image","twitter_misc":{"Gesch\u00e4tzte Lesezeit":"1\u00a0Minute"},"schema":{"@context":"https:\/\/schema.org","@graph":[{"@type":"WebPage","@id":"https:\/\/www.katzenhoffnung.at\/kaho\/kooperationen\/","url":"https:\/\/www.katzenhoffnung.at\/kaho\/kooperationen\/","name":"Kooperationen - Paradies f\u00fcr HandiCATs Katzenhoffnung","isPartOf":{"@id":"https:\/\/www.katzenhoffnung.at\/kaho\/#website"},"datePublished":"2023-03-25T02:38:34+00:00","dateModified":"2025-11-06T07:26:46+00:00","description":"Paradies f\u00fcr HandiCATs - behinderte Katzen - Katzenhoffnung Steiermark in Mooskirchen - Graz-Umgebung - Voitsberg","breadcrumb":{"@id":"https:\/\/www.katzenhoffnung.at\/kaho\/kooperationen\/#breadcrumb"},"inLanguage":"de","potentialAction":[{"@type":"ReadAction","target":["https:\/\/www.katzenhoffnung.at\/kaho\/kooperationen\/"]}]},{"@type":"BreadcrumbList","@id":"https:\/\/www.katzenhoffnung.at\/kaho\/kooperationen\/#breadcrumb","itemListElement":[{"@type":"ListItem","position":1,"name":"Startseite","item":"https:\/\/www.katzenhoffnung.at\/kaho\/"},{"@type":"ListItem","position":2,"name":"Kooperationen"}]},{"@type":"WebSite","@id":"https:\/\/www.katzenhoffnung.at\/kaho\/#website","url":"https:\/\/www.katzenhoffnung.at\/kaho\/","name":"Paradies f\u00fcr HandiCATs Katzenhoffnung Steiermark","description":"Behinderte Katzen - HandiCATs - SpecialCareCATs","publisher":{"@id":"https:\/\/www.katzenhoffnung.at\/kaho\/#organization"},"alternateName":"HandiCATs Mooskirchen","potentialAction":[{"@type":"SearchAction","target":{"@type":"EntryPoint","urlTemplate":"https:\/\/www.katzenhoffnung.at\/kaho\/?s={search_term_string}"},"query-input":{"@type":"PropertyValueSpecification","valueRequired":true,"valueName":"search_term_string"}}],"inLanguage":"de"},{"@type":"Organization","@id":"https:\/\/www.katzenhoffnung.at\/kaho\/#organization","name":"Paradies f\u00fcr HandiCATs Katzenhoffnung Steiermark","alternateName":"behinderte Katzen - HandiCat","url":"https:\/\/www.katzenhoffnung.at\/kaho\/","logo":{"@type":"ImageObject","inLanguage":"de","@id":"https:\/\/www.katzenhoffnung.at\/kaho\/#\/schema\/logo\/image\/","url":"https:\/\/www.katzenhoffnung.at\/kaho\/wp-content\/uploads\/cropped-kaho-stmk_v3-300x140-1.png","contentUrl":"https:\/\/www.katzenhoffnung.at\/kaho\/wp-content\/uploads\/cropped-kaho-stmk_v3-300x140-1.png","width":265,"height":110,"caption":"Paradies f\u00fcr HandiCATs Katzenhoffnung Steiermark"},"image":{"@id":"https:\/\/www.katzenhoffnung.at\/kaho\/#\/schema\/logo\/image\/"},"sameAs":["https:\/\/www.facebook.com\/katzenhoffnung","https:\/\/www.tiktok.com\/@handicats","https:\/\/www.instagram.com\/paradise_for_handicats\/"]}]}},"_links":{"self":[{"href":"https:\/\/www.katzenhoffnung.at\/kaho\/wp-json\/wp\/v2\/pages\/2431","targetHints":{"allow":["GET"]}}],"collection":[{"href":"https:\/\/www.katzenhoffnung.at\/kaho\/wp-json\/wp\/v2\/pages"}],"about":[{"href":"https:\/\/www.katzenhoffnung.at\/kaho\/wp-json\/wp\/v2\/types\/page"}],"author":[{"embeddable":true,"href":"https:\/\/www.katzenhoffnung.at\/kaho\/wp-json\/wp\/v2\/users\/1"}],"replies":[{"embeddable":true,"href":"https:\/\/www.katzenhoffnung.at\/kaho\/wp-json\/wp\/v2\/comments?post=2431"}],"version-history":[{"count":0,"href":"https:\/\/www.katzenhoffnung.at\/kaho\/wp-json\/wp\/v2\/pages\/2431\/revisions"}],"wp:attachment":[{"href":"https:\/\/www.katzenhoffnung.at\/kaho\/wp-json\/wp\/v2\/media?parent=2431"}],"curies":[{"name":"wp","href":"https:\/\/api.w.org\/{rel}","templated":true}]}}