{"id":1940,"date":"2022-10-20T01:24:24","date_gmt":"2022-10-19T23:24:24","guid":{"rendered":"https:\/\/www.katzenhoffnung.at\/kaho\/?page_id=1940"},"modified":"2024-09-11T00:48:40","modified_gmt":"2024-09-10T22:48:40","slug":"paradies-fuer-handicats-behinderte-katzen-katzenhoffnung-steiermark-in-mooskirchen-graz-umgebung-voitsberg","status":"publish","type":"page","link":"https:\/\/www.katzenhoffnung.at\/kaho\/paradies-fuer-handicats-behinderte-katzen-katzenhoffnung-steiermark-in-mooskirchen-graz-umgebung-voitsberg\/","title":{"rendered":"HandiCATs"},"content":{"rendered":"<p><\/p><h2 class=\"wp-block-heading\">Gehandicapte\/behinderte Katzen &#8211; &#8222;HandiCATs&#8220;<\/h2><p><\/p><p><\/p><p><strong>Wehrlos &#8211; auch ich habe nur ein einziges, kleines Leben\u2026.<\/strong><\/p><p><\/p><p><\/p><p>Unsere absoluten Herzenstiere sind behinderte Katzen. Meist sind diese Katzen nicht seit Geburt an behindert, sondern erst durch Menschenhand, durch barbarische und willk\u00fcrliche Gewalteinwirkung oder durch Unf\u00e4lle verst\u00fcmmelt geworden.\u00a0<\/p><p><\/p><p><\/p><p>Leider wird ihnen allzu oft die Lebensberechtigung genommen, ohne einen Funken von einer Chance.\u00a0\u00a0Schon alleine wegen der Verantwortung f\u00fcr die Pflege in den ersten Wochen, f\u00fcr eine Rehabilitation nach einem Unfall und der tiermedizinischen Versorgung wird zu schnell \u00fcber Leben und Tod entschieden. Dabei wird allzu schnell vergessen, dass die Katze bis vor wenigen Minuten\/Stunden die treueste und ehrlichste Weggef\u00e4hrtin gewesen ist. Der Todesspritze n\u00e4her als dem Leben\u2026. Leider auch all zu oft in der Ausnahmesituation der Umwelt h\u00f6rig und nicht f\u00e4hig auf sein Herz zu h\u00f6ren. Ein Leben das vorschnell beendet wurde, kann niemals wieder gutgemacht bzw. wieder zum Leben erweckt werden!!!<\/p><p><\/p><p><\/p><p>In unserer Gesellschaft wird \u00a0immer mehr nur noch nach dem perfekten Tier Ausschau gehalten. Die Vorurteile gegen\u00fcber einem behinderten Tier sind gnadenlos. Jeder, der selbst bereits ein verletztes und verst\u00fcmmeltes Tier bei sich zu Hause aufgenommen hat, kann erst nachvollziehen, wie egoistisch und grausam und vor allem gef\u00fchlslos die Umwelt ihren Unmut \u00e4u\u00dfern kann. Es ist jedes Mal ein Stich mitten ins Herz f\u00fcr den Besitzer, wenn durch Ignoranz, Herzlosigkeit und teils Unwissenheit \u00fcber die Lebensqualit\u00e4t eines Tieres geurteilt wird.\u00a0<\/p><p><\/p><p><\/p><p>Tiere haben keine Stimme, aber sehr wohl das Recht auf Leben, wenn nur ein Funken von Lebenswillen trotz neuer und ver\u00e4nderter Lebenssituation durch die Behinderung in ihnen steckt. Und genau dieser Lebenswille ist jene Macht, die diese Tiere in sich tragen. Nicht nach Verlorenem zu jammern \u2013 so wie wir Menschen \u2013 sondern die \u00fcberdimensionale Zuversicht und die innerliche Kraft sich dem neuen Leben zu stellen.\u00a0<\/p><p><\/p><p><\/p><p>Aus unserer pers\u00f6nlichen Erfahrung sind es unglaubliche, lebenslustige und wunderbare Tiere. Wir konnten wundersame Katzen bereits nach Unf\u00e4llen, Amputationen oder schweren Verletzungen durch Menschenhand wieder ins Leben begleiten. Egal ob Dreibeinchen oder querschnittsgel\u00e4hmte Felln\u00e4schen, ebenso blinde oder auch taube Tiere.\u00a0<strong>Diese Tiere sind voller geballter Lebenslust!<\/strong><\/p><p><\/p><p><\/p><p>Diese Tiere machen unendlich Mut, Mut zum Ja f\u00fcr ein behindertes Tier! Auch wenn aller Anfang f\u00fcr Mensch und Tier schwer ist, wird t\u00e4gliche Dankbarkeit und unendlich tiefe Liebe Mensch und Tier verbinden, oft ist diese gegenseitige Liebe um vielfaches intensiver und die Bindung tr\u00e4gt eine unendliche Macht an Zuneigung und Feingef\u00fchl. Diese Liebe zu einem HandicapTier macht unendlich gl\u00fccklich.<\/p><p><\/p><p><\/p><p>Behinderte Tiere verzaubern unwahrscheinlich durch ihre Dankbarkeit, durch ihren Mut und ihre Lebensenergien, und wer glaubt das zB ein Dreibeinchen nie mehr richtig laufen kann, der hat noch niemals genau hingesehen wie diese Tiere herumsausen k\u00f6nnen, wie kleine Raketen, sondern nur weggesehen, oder nicht den Mut gefasst sich dem Leben mit Behinderung zu stellen\u2026<\/p><p><\/p><p><\/p><p><strong><em>Es gibt nichts Sch\u00f6neres als ein ehemals hoffnungsloses und aussichtsloses Schicksal zum Guten zu wenden.<\/em><\/strong><\/p><p><\/p><p>Wir haben uns auf <em><strong>&#8222;gel\u00e4hmte &amp; inkontinente Katzen&#8220; <\/strong><\/em>spezialisiert. Mehr dazu:<\/p>","protected":false},"excerpt":{"rendered":"<p>Gehandicapte\/behinderte Katzen &#8211; &#8222;HandiCATs&#8220; Wehrlos &#8211; auch ich habe nur ein einziges, kleines Leben\u2026. Unsere absoluten Herzenstiere sind behinderte Katzen. Meist sind diese Katzen nicht seit Geburt an behindert, sondern erst durch Menschenhand, durch barbarische und willk\u00fcrliche Gewalteinwirkung oder durch Unf\u00e4lle verst\u00fcmmelt geworden.\u00a0 Leider wird ihnen allzu oft die Lebensberechtigung genommen, ohne einen Funken von [&hellip;]<\/p>\n","protected":false},"author":2,"featured_media":0,"parent":0,"menu_order":0,"comment_status":"closed","ping_status":"closed","template":"","meta":{"site-sidebar-layout":"default","site-content-layout":"","ast-site-content-layout":"default","site-content-style":"default","site-sidebar-style":"default","ast-global-header-display":"","ast-banner-title-visibility":"","ast-main-header-display":"","ast-hfb-above-header-display":"","ast-hfb-below-header-display":"","ast-hfb-mobile-header-display":"","site-post-title":"","ast-breadcrumbs-content":"","ast-featured-img":"","footer-sml-layout":"","ast-disable-related-posts":"","theme-transparent-header-meta":"","adv-header-id-meta":"249","stick-header-meta":"","header-above-stick-meta":"","header-main-stick-meta":"","header-below-stick-meta":"","astra-migrate-meta-layouts":"set","ast-page-background-enabled":"default","ast-page-background-meta":{"desktop":{"background-color":"","background-image":"","background-repeat":"repeat","background-position":"center center","background-size":"auto","background-attachment":"scroll","background-type":"","background-media":"","overlay-type":"","overlay-color":"","overlay-opacity":"","overlay-gradient":""},"tablet":{"background-color":"","background-image":"","background-repeat":"repeat","background-position":"center center","background-size":"auto","background-attachment":"scroll","background-type":"","background-media":"","overlay-type":"","overlay-color":"","overlay-opacity":"","overlay-gradient":""},"mobile":{"background-color":"","background-image":"","background-repeat":"repeat","background-position":"center center","background-size":"auto","background-attachment":"scroll","background-type":"","background-media":"","overlay-type":"","overlay-color":"","overlay-opacity":"","overlay-gradient":""}},"ast-content-background-meta":{"desktop":{"background-color":"var(--ast-global-color-5)","background-image":"","background-repeat":"repeat","background-position":"center center","background-size":"auto","background-attachment":"scroll","background-type":"","background-media":"","overlay-type":"","overlay-color":"","overlay-opacity":"","overlay-gradient":""},"tablet":{"background-color":"var(--ast-global-color-5)","background-image":"","background-repeat":"repeat","background-position":"center center","background-size":"auto","background-attachment":"scroll","background-type":"","background-media":"","overlay-type":"","overlay-color":"","overlay-opacity":"","overlay-gradient":""},"mobile":{"background-color":"var(--ast-global-color-5)","background-image":"","background-repeat":"repeat","background-position":"center center","background-size":"auto","background-attachment":"scroll","background-type":"","background-media":"","overlay-type":"","overlay-color":"","overlay-opacity":"","overlay-gradient":""}},"ngg_post_thumbnail":0,"footnotes":"","tve_updated_post":"<div class=\"thrv_wrapper tve_wp_shortcode\"><div class=\"tve_shortcode_raw\" style=\"display: none\">___TVE_SHORTCODE_RAW__&lt;p&gt;&lt;!-- wp:heading --&gt;&lt;\/p&gt;\n&lt;h2&gt;Gehandicapte\/behinderte Katzen - \"HandiCATs\"&lt;\/h2&gt;\n&lt;p&gt;&lt;!-- \/wp:heading --&gt;&lt;\/p&gt;\n&lt;p&gt;&lt;!-- wp:paragraph --&gt;&lt;\/p&gt;\n&lt;p&gt;&lt;strong&gt;Wehrlos - auch ich habe nur ein einziges, kleines Leben\u2026.&lt;\/strong&gt;&lt;\/p&gt;\n&lt;p&gt;&lt;!-- \/wp:paragraph --&gt;&lt;\/p&gt;\n&lt;p&gt;&lt;!-- wp:paragraph --&gt;&lt;\/p&gt;\n&lt;p&gt;Unsere absoluten Herzenstiere sind behinderte Katzen. Meist sind diese Katzen nicht seit Geburt an behindert, sondern erst durch Menschenhand, durch barbarische und willk\u00fcrliche Gewalteinwirkung oder durch Unf\u00e4lle verst\u00fcmmelt geworden.&nbsp;&lt;\/p&gt;\n&lt;p&gt;&lt;!-- \/wp:paragraph --&gt;&lt;\/p&gt;\n&lt;p&gt;&lt;!-- wp:paragraph --&gt;&lt;\/p&gt;\n&lt;p&gt;Leider wird ihnen allzu oft die Lebensberechtigung genommen, ohne einen Funken von einer Chance.&nbsp;&nbsp;Schon alleine wegen der Verantwortung f\u00fcr die Pflege in den ersten Wochen, f\u00fcr eine Rehabilitation nach einem Unfall und der tiermedizinischen Versorgung wird zu schnell \u00fcber Leben und Tod entschieden. Dabei wird allzu schnell vergessen, dass die Katze bis vor wenigen Minuten\/Stunden die treueste und ehrlichste Weggef\u00e4hrtin gewesen ist. Der Todesspritze n\u00e4her als dem Leben\u2026. Leider auch all zu oft in der Ausnahmesituation der Umwelt h\u00f6rig und nicht f\u00e4hig auf sein Herz zu h\u00f6ren. Ein Leben das vorschnell beendet wurde, kann niemals wieder gutgemacht bzw. wieder zum Leben erweckt werden!!!&lt;\/p&gt;\n&lt;p&gt;&lt;!-- \/wp:paragraph --&gt;&lt;\/p&gt;\n&lt;p&gt;&lt;!-- wp:paragraph --&gt;&lt;\/p&gt;\n&lt;p&gt;In unserer Gesellschaft wird &nbsp;immer mehr nur noch nach dem perfekten Tier Ausschau gehalten. Die Vorurteile gegen\u00fcber einem behinderten Tier sind gnadenlos. Jeder, der selbst bereits ein verletztes und verst\u00fcmmeltes Tier bei sich zu Hause aufgenommen hat, kann erst nachvollziehen, wie egoistisch und grausam und vor allem gef\u00fchlslos die Umwelt ihren Unmut \u00e4u\u00dfern kann. Es ist jedes Mal ein Stich mitten ins Herz f\u00fcr den Besitzer, wenn durch Ignoranz, Herzlosigkeit und teils Unwissenheit \u00fcber die Lebensqualit\u00e4t eines Tieres geurteilt wird.&nbsp;&lt;\/p&gt;\n&lt;p&gt;&lt;!-- \/wp:paragraph --&gt;&lt;\/p&gt;\n&lt;p&gt;&lt;!-- wp:paragraph --&gt;&lt;\/p&gt;\n&lt;p&gt;Tiere haben keine Stimme, aber sehr wohl das Recht auf Leben, wenn nur ein Funken von Lebenswillen trotz neuer und ver\u00e4nderter Lebenssituation durch die Behinderung in ihnen steckt. Und genau dieser Lebenswille ist jene Macht, die diese Tiere in sich tragen. Nicht nach Verlorenem zu jammern \u2013 so wie wir Menschen \u2013 sondern die \u00fcberdimensionale Zuversicht und die innerliche Kraft sich dem neuen Leben zu stellen.&nbsp;&lt;\/p&gt;\n&lt;p&gt;&lt;!-- \/wp:paragraph --&gt;&lt;\/p&gt;\n&lt;p&gt;&lt;!-- wp:paragraph --&gt;&lt;\/p&gt;\n&lt;p&gt;Aus unserer pers\u00f6nlichen Erfahrung sind es unglaubliche, lebenslustige und wunderbare Tiere. Wir konnten wundersame Katzen bereits nach Unf\u00e4llen, Amputationen oder schweren Verletzungen durch Menschenhand wieder ins Leben begleiten. Egal ob Dreibeinchen oder querschnittsgel\u00e4hmte Felln\u00e4schen, ebenso blinde oder auch taube Tiere.&nbsp;&lt;strong&gt;Diese Tiere sind voller geballter Lebenslust!&lt;\/strong&gt;&lt;\/p&gt;\n&lt;p&gt;&lt;!-- \/wp:paragraph --&gt;&lt;\/p&gt;\n&lt;p&gt;&lt;!-- wp:paragraph --&gt;&lt;\/p&gt;\n&lt;p&gt;Diese Tiere machen unendlich Mut, Mut zum Ja f\u00fcr ein behindertes Tier! Auch wenn aller Anfang f\u00fcr Mensch und Tier schwer ist, wird t\u00e4gliche Dankbarkeit und unendlich tiefe Liebe Mensch und Tier verbinden, oft ist diese gegenseitige Liebe um vielfaches intensiver und die Bindung tr\u00e4gt eine unendliche Macht an Zuneigung und Feingef\u00fchl. Diese Liebe zu einem HandicapTier macht unendlich gl\u00fccklich.&lt;\/p&gt;\n&lt;p&gt;&lt;!-- \/wp:paragraph --&gt;&lt;\/p&gt;\n&lt;p&gt;&lt;!-- wp:paragraph --&gt;&lt;\/p&gt;\n&lt;p&gt;Behinderte Tiere verzaubern unwahrscheinlich durch ihre Dankbarkeit, durch ihren Mut und ihre Lebensenergien, und wer glaubt das zB ein Dreibeinchen nie mehr richtig laufen kann, der hat noch niemals genau hingesehen wie diese Tiere herumsausen k\u00f6nnen, wie kleine Raketen, sondern nur weggesehen, oder nicht den Mut gefasst sich dem Leben mit Behinderung zu stellen\u2026&lt;\/p&gt;\n&lt;p&gt;&lt;!-- \/wp:paragraph --&gt;&lt;\/p&gt;\n&lt;p&gt;&lt;!-- wp:paragraph --&gt;&lt;\/p&gt;\n&lt;p&gt;&lt;strong&gt;&lt;em&gt;Es gibt nichts Sch\u00f6neres als ein ehemals hoffnungsloses und aussichtsloses Schicksal zum Guten zu wenden.&lt;\/em&gt;&lt;\/strong&gt;&lt;\/p&gt;\n&lt;p&gt;&lt;!-- \/wp:paragraph --&gt;&lt;\/p&gt;__TVE_SHORTCODE_RAW___<\/div><\/div><div class=\"thrv_wrapper thrv_text_element\" data-css=\"tve-u-18732a752e3\"><p>Wir haben uns auf <em><strong>\"gel\u00e4hmte &amp; inkontinente Katzen\" <\/strong><\/em>spezialisiert. <br>Mehr dazu:<\/p><\/div><div class=\"tcb-clear\" data-css=\"tve-u-18732a406d2\"><div class=\"thrv_wrapper thrv-button thrv-button-v2 tcb-local-vars-root\" data-css=\"tve-u-18732a3e105\">\n\t<div class=\"thrive-colors-palette-config\" style=\"display: none !important\">__CONFIG_colors_palette__{\"active_palette\":0,\"config\":{\"colors\":{\"62516\":{\"name\":\"Main Accent\",\"parent\":-1}},\"gradients\":[]},\"palettes\":[{\"name\":\"Default Palette\",\"value\":{\"colors\":{\"62516\":{\"val\":\"rgb(4, 120, 68)\",\"hsl\":{\"h\":153,\"s\":0.9355,\"l\":0.2431}}},\"gradients\":[]}}]}__CONFIG_colors_palette__<\/div>\n\t<a href=\"https:\/\/www.katzenhoffnung.at\/kaho\/handicats-2\/\" class=\"tcb-button-link tcb-plain-text\">\n\t\t<span class=\"tcb-button-texts\"><span class=\"tcb-button-text thrv-inline-text\">gel\u00e4hmte\/inkontinente Katzen<\/span><\/span>\n\t<\/a>\n<\/div><\/div>","tve_custom_css":"@media (min-width: 300px){[data-css=\"tve-u-18732a3e105\"] .tcb-button-link { letter-spacing: 2px; background-image: linear-gradient(var(--tcb-local-color-62516,rgb(19,114,211)),var(--tcb-local-color-62516,rgb(19,114,211))); --tve-applied-background-image: linear-gradient(var$(--tcb-local-color-62516,rgb(19,114,211)),var$(--tcb-local-color-62516,rgb(19,114,211))); background-size: auto; background-attachment: scroll; border-radius: 5px; padding: 18px; background-position: 50% 50%; background-repeat: no-repeat; background-color: transparent !important; }[data-css=\"tve-u-18732a3e105\"] .tcb-button-link span { color: rgb(255, 255, 255); --tcb-applied-color: #fff; }[data-css=\"tve-u-18732a3e105\"] { float: left; z-index: 3; position: relative; --tve-alignment: left; --tcb-local-color-62516: rgb(4,120,68) !important; margin-top: 0px !important; }[data-css=\"tve-u-18732a406d2\"]::after { clear: both; }[data-css=\"tve-u-18732a752e3\"] { padding-top: 0px !important; padding-bottom: 0px !important; }}","tve_user_custom_css":"","tve_globals":{"e":"1","font_cls":[]},"tcb2_ready":1,"tcb_editor_enabled":1,"tve_landing_page":"","_tve_header":"","_tve_footer":""},"class_list":["post-1940","page","type-page","status-publish","hentry"],"yoast_head":"<!-- This site is optimized with the Yoast SEO plugin v27.5 - https:\/\/yoast.com\/product\/yoast-seo-wordpress\/ -->\n<title>Handicats behinderte Katzen<\/title>\n<meta name=\"description\" content=\"Paradies f\u00fcr HandiCATs - behinderte Katzen - Katzenhoffnung Steiermark in Mooskirchen - Graz-Umgebung - Voitsberg\" \/>\n<meta name=\"robots\" content=\"index, follow, max-snippet:-1, max-image-preview:large, max-video-preview:-1\" \/>\n<link rel=\"canonical\" href=\"https:\/\/www.katzenhoffnung.at\/kaho\/paradies-fuer-handicats-behinderte-katzen-katzenhoffnung-steiermark-in-mooskirchen-graz-umgebung-voitsberg\/\" \/>\n<meta property=\"og:locale\" content=\"de_DE\" \/>\n<meta property=\"og:type\" content=\"article\" \/>\n<meta property=\"og:title\" content=\"Handicats behinderte Katzen\" \/>\n<meta property=\"og:description\" content=\"Paradies f\u00fcr HandiCATs - behinderte Katzen - Katzenhoffnung Steiermark in Mooskirchen - Graz-Umgebung - Voitsberg\" \/>\n<meta property=\"og:url\" content=\"https:\/\/www.katzenhoffnung.at\/kaho\/paradies-fuer-handicats-behinderte-katzen-katzenhoffnung-steiermark-in-mooskirchen-graz-umgebung-voitsberg\/\" \/>\n<meta property=\"og:site_name\" content=\"Paradies f\u00fcr HandiCATs Katzenhoffnung\" \/>\n<meta property=\"article:publisher\" content=\"https:\/\/www.facebook.com\/katzenhoffnung\" \/>\n<meta property=\"article:modified_time\" content=\"2024-09-10T22:48:40+00:00\" \/>\n<meta property=\"og:image\" content=\"https:\/\/www.katzenhoffnung.at\/kaho\/wp-content\/uploads\/image-2.png\" \/>\n\t<meta property=\"og:image:width\" content=\"500\" \/>\n\t<meta property=\"og:image:height\" content=\"517\" \/>\n\t<meta property=\"og:image:type\" content=\"image\/png\" \/>\n<meta name=\"twitter:card\" content=\"summary_large_image\" \/>\n<meta name=\"twitter:label1\" content=\"Gesch\u00e4tzte Lesezeit\" \/>\n\t<meta name=\"twitter:data1\" content=\"3\u00a0Minuten\" \/>\n<script type=\"application\/ld+json\" class=\"yoast-schema-graph\">{\"@context\":\"https:\\\/\\\/schema.org\",\"@graph\":[{\"@type\":\"WebPage\",\"@id\":\"https:\\\/\\\/www.katzenhoffnung.at\\\/kaho\\\/paradies-fuer-handicats-behinderte-katzen-katzenhoffnung-steiermark-in-mooskirchen-graz-umgebung-voitsberg\\\/\",\"url\":\"https:\\\/\\\/www.katzenhoffnung.at\\\/kaho\\\/paradies-fuer-handicats-behinderte-katzen-katzenhoffnung-steiermark-in-mooskirchen-graz-umgebung-voitsberg\\\/\",\"name\":\"Handicats behinderte Katzen\",\"isPartOf\":{\"@id\":\"https:\\\/\\\/www.katzenhoffnung.at\\\/kaho\\\/#website\"},\"datePublished\":\"2022-10-19T23:24:24+00:00\",\"dateModified\":\"2024-09-10T22:48:40+00:00\",\"description\":\"Paradies f\u00fcr HandiCATs - behinderte Katzen - Katzenhoffnung Steiermark in Mooskirchen - Graz-Umgebung - Voitsberg\",\"breadcrumb\":{\"@id\":\"https:\\\/\\\/www.katzenhoffnung.at\\\/kaho\\\/paradies-fuer-handicats-behinderte-katzen-katzenhoffnung-steiermark-in-mooskirchen-graz-umgebung-voitsberg\\\/#breadcrumb\"},\"inLanguage\":\"de\",\"potentialAction\":[{\"@type\":\"ReadAction\",\"target\":[\"https:\\\/\\\/www.katzenhoffnung.at\\\/kaho\\\/paradies-fuer-handicats-behinderte-katzen-katzenhoffnung-steiermark-in-mooskirchen-graz-umgebung-voitsberg\\\/\"]}]},{\"@type\":\"BreadcrumbList\",\"@id\":\"https:\\\/\\\/www.katzenhoffnung.at\\\/kaho\\\/paradies-fuer-handicats-behinderte-katzen-katzenhoffnung-steiermark-in-mooskirchen-graz-umgebung-voitsberg\\\/#breadcrumb\",\"itemListElement\":[{\"@type\":\"ListItem\",\"position\":1,\"name\":\"Startseite\",\"item\":\"https:\\\/\\\/www.katzenhoffnung.at\\\/kaho\\\/\"},{\"@type\":\"ListItem\",\"position\":2,\"name\":\"HandiCATs\"}]},{\"@type\":\"WebSite\",\"@id\":\"https:\\\/\\\/www.katzenhoffnung.at\\\/kaho\\\/#website\",\"url\":\"https:\\\/\\\/www.katzenhoffnung.at\\\/kaho\\\/\",\"name\":\"Paradies f\u00fcr HandiCATs Katzenhoffnung Steiermark\",\"description\":\"Behinderte Katzen - HandiCATs - SpecialCareCATs\",\"publisher\":{\"@id\":\"https:\\\/\\\/www.katzenhoffnung.at\\\/kaho\\\/#organization\"},\"alternateName\":\"HandiCATs Mooskirchen\",\"potentialAction\":[{\"@type\":\"SearchAction\",\"target\":{\"@type\":\"EntryPoint\",\"urlTemplate\":\"https:\\\/\\\/www.katzenhoffnung.at\\\/kaho\\\/?s={search_term_string}\"},\"query-input\":{\"@type\":\"PropertyValueSpecification\",\"valueRequired\":true,\"valueName\":\"search_term_string\"}}],\"inLanguage\":\"de\"},{\"@type\":\"Organization\",\"@id\":\"https:\\\/\\\/www.katzenhoffnung.at\\\/kaho\\\/#organization\",\"name\":\"Paradies f\u00fcr HandiCATs Katzenhoffnung Steiermark\",\"alternateName\":\"behinderte Katzen - HandiCat\",\"url\":\"https:\\\/\\\/www.katzenhoffnung.at\\\/kaho\\\/\",\"logo\":{\"@type\":\"ImageObject\",\"inLanguage\":\"de\",\"@id\":\"https:\\\/\\\/www.katzenhoffnung.at\\\/kaho\\\/#\\\/schema\\\/logo\\\/image\\\/\",\"url\":\"https:\\\/\\\/www.katzenhoffnung.at\\\/kaho\\\/wp-content\\\/uploads\\\/cropped-kaho-stmk_v3-300x140-1.png\",\"contentUrl\":\"https:\\\/\\\/www.katzenhoffnung.at\\\/kaho\\\/wp-content\\\/uploads\\\/cropped-kaho-stmk_v3-300x140-1.png\",\"width\":265,\"height\":110,\"caption\":\"Paradies f\u00fcr HandiCATs Katzenhoffnung Steiermark\"},\"image\":{\"@id\":\"https:\\\/\\\/www.katzenhoffnung.at\\\/kaho\\\/#\\\/schema\\\/logo\\\/image\\\/\"},\"sameAs\":[\"https:\\\/\\\/www.facebook.com\\\/katzenhoffnung\",\"https:\\\/\\\/www.tiktok.com\\\/@handicats\",\"https:\\\/\\\/www.instagram.com\\\/paradise_for_handicats\\\/\"]}]}<\/script>\n<!-- \/ Yoast SEO plugin. -->","yoast_head_json":{"title":"Handicats behinderte Katzen","description":"Paradies f\u00fcr HandiCATs - behinderte Katzen - Katzenhoffnung Steiermark in Mooskirchen - Graz-Umgebung - Voitsberg","robots":{"index":"index","follow":"follow","max-snippet":"max-snippet:-1","max-image-preview":"max-image-preview:large","max-video-preview":"max-video-preview:-1"},"canonical":"https:\/\/www.katzenhoffnung.at\/kaho\/paradies-fuer-handicats-behinderte-katzen-katzenhoffnung-steiermark-in-mooskirchen-graz-umgebung-voitsberg\/","og_locale":"de_DE","og_type":"article","og_title":"Handicats behinderte Katzen","og_description":"Paradies f\u00fcr HandiCATs - behinderte Katzen - Katzenhoffnung Steiermark in Mooskirchen - Graz-Umgebung - Voitsberg","og_url":"https:\/\/www.katzenhoffnung.at\/kaho\/paradies-fuer-handicats-behinderte-katzen-katzenhoffnung-steiermark-in-mooskirchen-graz-umgebung-voitsberg\/","og_site_name":"Paradies f\u00fcr HandiCATs Katzenhoffnung","article_publisher":"https:\/\/www.facebook.com\/katzenhoffnung","article_modified_time":"2024-09-10T22:48:40+00:00","og_image":[{"width":500,"height":517,"url":"https:\/\/www.katzenhoffnung.at\/kaho\/wp-content\/uploads\/image-2.png","type":"image\/png"}],"twitter_card":"summary_large_image","twitter_misc":{"Gesch\u00e4tzte Lesezeit":"3\u00a0Minuten"},"schema":{"@context":"https:\/\/schema.org","@graph":[{"@type":"WebPage","@id":"https:\/\/www.katzenhoffnung.at\/kaho\/paradies-fuer-handicats-behinderte-katzen-katzenhoffnung-steiermark-in-mooskirchen-graz-umgebung-voitsberg\/","url":"https:\/\/www.katzenhoffnung.at\/kaho\/paradies-fuer-handicats-behinderte-katzen-katzenhoffnung-steiermark-in-mooskirchen-graz-umgebung-voitsberg\/","name":"Handicats behinderte Katzen","isPartOf":{"@id":"https:\/\/www.katzenhoffnung.at\/kaho\/#website"},"datePublished":"2022-10-19T23:24:24+00:00","dateModified":"2024-09-10T22:48:40+00:00","description":"Paradies f\u00fcr HandiCATs - behinderte Katzen - Katzenhoffnung Steiermark in Mooskirchen - Graz-Umgebung - Voitsberg","breadcrumb":{"@id":"https:\/\/www.katzenhoffnung.at\/kaho\/paradies-fuer-handicats-behinderte-katzen-katzenhoffnung-steiermark-in-mooskirchen-graz-umgebung-voitsberg\/#breadcrumb"},"inLanguage":"de","potentialAction":[{"@type":"ReadAction","target":["https:\/\/www.katzenhoffnung.at\/kaho\/paradies-fuer-handicats-behinderte-katzen-katzenhoffnung-steiermark-in-mooskirchen-graz-umgebung-voitsberg\/"]}]},{"@type":"BreadcrumbList","@id":"https:\/\/www.katzenhoffnung.at\/kaho\/paradies-fuer-handicats-behinderte-katzen-katzenhoffnung-steiermark-in-mooskirchen-graz-umgebung-voitsberg\/#breadcrumb","itemListElement":[{"@type":"ListItem","position":1,"name":"Startseite","item":"https:\/\/www.katzenhoffnung.at\/kaho\/"},{"@type":"ListItem","position":2,"name":"HandiCATs"}]},{"@type":"WebSite","@id":"https:\/\/www.katzenhoffnung.at\/kaho\/#website","url":"https:\/\/www.katzenhoffnung.at\/kaho\/","name":"Paradies f\u00fcr HandiCATs Katzenhoffnung Steiermark","description":"Behinderte Katzen - HandiCATs - SpecialCareCATs","publisher":{"@id":"https:\/\/www.katzenhoffnung.at\/kaho\/#organization"},"alternateName":"HandiCATs Mooskirchen","potentialAction":[{"@type":"SearchAction","target":{"@type":"EntryPoint","urlTemplate":"https:\/\/www.katzenhoffnung.at\/kaho\/?s={search_term_string}"},"query-input":{"@type":"PropertyValueSpecification","valueRequired":true,"valueName":"search_term_string"}}],"inLanguage":"de"},{"@type":"Organization","@id":"https:\/\/www.katzenhoffnung.at\/kaho\/#organization","name":"Paradies f\u00fcr HandiCATs Katzenhoffnung Steiermark","alternateName":"behinderte Katzen - HandiCat","url":"https:\/\/www.katzenhoffnung.at\/kaho\/","logo":{"@type":"ImageObject","inLanguage":"de","@id":"https:\/\/www.katzenhoffnung.at\/kaho\/#\/schema\/logo\/image\/","url":"https:\/\/www.katzenhoffnung.at\/kaho\/wp-content\/uploads\/cropped-kaho-stmk_v3-300x140-1.png","contentUrl":"https:\/\/www.katzenhoffnung.at\/kaho\/wp-content\/uploads\/cropped-kaho-stmk_v3-300x140-1.png","width":265,"height":110,"caption":"Paradies f\u00fcr HandiCATs Katzenhoffnung Steiermark"},"image":{"@id":"https:\/\/www.katzenhoffnung.at\/kaho\/#\/schema\/logo\/image\/"},"sameAs":["https:\/\/www.facebook.com\/katzenhoffnung","https:\/\/www.tiktok.com\/@handicats","https:\/\/www.instagram.com\/paradise_for_handicats\/"]}]}},"_links":{"self":[{"href":"https:\/\/www.katzenhoffnung.at\/kaho\/wp-json\/wp\/v2\/pages\/1940","targetHints":{"allow":["GET"]}}],"collection":[{"href":"https:\/\/www.katzenhoffnung.at\/kaho\/wp-json\/wp\/v2\/pages"}],"about":[{"href":"https:\/\/www.katzenhoffnung.at\/kaho\/wp-json\/wp\/v2\/types\/page"}],"author":[{"embeddable":true,"href":"https:\/\/www.katzenhoffnung.at\/kaho\/wp-json\/wp\/v2\/users\/2"}],"replies":[{"embeddable":true,"href":"https:\/\/www.katzenhoffnung.at\/kaho\/wp-json\/wp\/v2\/comments?post=1940"}],"version-history":[{"count":0,"href":"https:\/\/www.katzenhoffnung.at\/kaho\/wp-json\/wp\/v2\/pages\/1940\/revisions"}],"wp:attachment":[{"href":"https:\/\/www.katzenhoffnung.at\/kaho\/wp-json\/wp\/v2\/media?parent=1940"}],"curies":[{"name":"wp","href":"https:\/\/api.w.org\/{rel}","templated":true}]}}